{"id":92,"date":"2024-04-03T15:52:25","date_gmt":"2024-04-03T15:52:25","guid":{"rendered":"https:\/\/topmotrieukhuc.vn\/tmtk\/?page_id=92"},"modified":"2025-10-24T02:02:33","modified_gmt":"2025-10-24T02:02:33","slug":"cac-san-pham-top-mo-trieu-khuc","status":"publish","type":"page","link":"https:\/\/topmotrieukhuc.vn\/tmtk\/index.php\/cac-san-pham-top-mo-trieu-khuc\/","title":{"rendered":"S\u1ea3n Ph\u1ea9m T\u00f3p M\u1ee1 Tri\u1ec1u Kh\u00fac"},"content":{"rendered":"\n<figure class=\"wp-block-embed aligncenter is-type-video is-provider-youtube wp-block-embed-youtube wp-embed-aspect-16-9 wp-has-aspect-ratio\"><div class=\"wp-block-embed__wrapper\">\n<iframe loading=\"lazy\" title=\"T\u1ebft t\u1eb7ng qu\u00e0 g\u00ec \u00fd ngh\u0129a - T\u00f3p M\u1ee1 Tri\u1ec1u Kh\u00fac - N\u01a1i H\u01b0\u01a1ng V\u1ecb Ho\u00e0 Quy\u1ec7n T\u00ecnh Th\u00e2n - 0949.328.886 #qu\u00e0\" width=\"500\" height=\"281\" src=\"https:\/\/www.youtube.com\/embed\/Eh7noIROD4A?feature=oembed\" frameborder=\"0\" allow=\"accelerometer; autoplay; clipboard-write; encrypted-media; gyroscope; picture-in-picture; web-share\" referrerpolicy=\"strict-origin-when-cross-origin\" allowfullscreen><\/iframe>\n<\/div><\/figure>\n\n\n\n<p>1- Qu\u00e0 t\u1eb7ng VIP<\/p>\n\n\n\n<figure class=\"wp-block-image size-large\"><img loading=\"lazy\" decoding=\"async\" width=\"820\" height=\"1024\" src=\"https:\/\/topmotrieukhuc.vn\/tmtk\/wp-content\/uploads\/2025\/10\/IMG_9595-820x1024.jpeg\" alt=\"\" class=\"wp-image-549\" srcset=\"https:\/\/topmotrieukhuc.vn\/tmtk\/wp-content\/uploads\/2025\/10\/IMG_9595-820x1024.jpeg 820w, https:\/\/topmotrieukhuc.vn\/tmtk\/wp-content\/uploads\/2025\/10\/IMG_9595-240x300.jpeg 240w, https:\/\/topmotrieukhuc.vn\/tmtk\/wp-content\/uploads\/2025\/10\/IMG_9595-768x959.jpeg 768w, https:\/\/topmotrieukhuc.vn\/tmtk\/wp-content\/uploads\/2025\/10\/IMG_9595-1230x1536.jpeg 1230w, https:\/\/topmotrieukhuc.vn\/tmtk\/wp-content\/uploads\/2025\/10\/IMG_9595-1639x2048.jpeg 1639w, https:\/\/topmotrieukhuc.vn\/tmtk\/wp-content\/uploads\/2025\/10\/IMG_9595.jpeg 1709w\" sizes=\"auto, (max-width: 820px) 100vw, 820px\" \/><\/figure>\n\n\n\n<p>T\u00f3p M\u1ee1 Lo\u1ea1i gi\u00f2n ngon, mi\u1ebfng to \u0111\u1ec1u, chi\u00ean k\u1ef9, h\u00fat ch\u00e2n kh\u00f4ng k\u00e8m h\u1ed9p qu\u00e0 t\u1eb7ng sang tr\u1ecdng. D\u00f9ng th\u1eafp h\u01b0\u01a1ng gia ti\u00ean, t\u1eb7ng qu\u00e0 s\u1ebfp, \u0111\u1ed1i t\u00e1c&#8230;<\/p>\n\n\n\n<p>1- <strong>Lo\u1ea1i gi\u00f2n &#8211; \u0110\u1ecf Bia:<\/strong><\/p>\n\n\n\n<figure class=\"wp-block-image size-full is-resized\"><img loading=\"lazy\" decoding=\"async\" width=\"764\" height=\"765\" src=\"https:\/\/topmotrieukhuc.vn\/tmtk\/wp-content\/uploads\/2024\/11\/do-1.jpg\" alt=\"\" class=\"wp-image-226\" style=\"width:1002px;height:auto\" srcset=\"https:\/\/topmotrieukhuc.vn\/tmtk\/wp-content\/uploads\/2024\/11\/do-1.jpg 764w, https:\/\/topmotrieukhuc.vn\/tmtk\/wp-content\/uploads\/2024\/11\/do-1-300x300.jpg 300w, https:\/\/topmotrieukhuc.vn\/tmtk\/wp-content\/uploads\/2024\/11\/do-1-150x150.jpg 150w\" sizes=\"auto, (max-width: 764px) 100vw, 764px\" \/><\/figure>\n\n\n\n<p>T\u00f3p m\u1ee1 lo\u1ea1i gi\u00f2n mi\u1ebfng l\u1edbn \u0111\u01b0\u1ee3c r\u00e1n kh\u00f4 tr\u00ean 90%, th\u01a1m ngon, b\u00e9o, ng\u1eady v\u00e0 gi\u00f2n.<\/p>\n\n\n\n<p>Ph\u00f9 h\u1ee3p cho \u0103n tr\u1ef1c ti\u1ebfp, nh\u1eadu v\u1edbi bia ho\u1eb7c \u0103n k\u00e8m v\u1edbi c\u00e1c m\u00f3n \u0103n kh\u00e1c.<\/p>\n\n\n\n<p><a href=\"https:\/\/topmotrieukhuc.vn\/tmtk\/index.php\/8938561051068-2\/\">G\u00f3i 250 GR<\/a> <\/p>\n\n\n\n<p><a href=\"https:\/\/topmotrieukhuc.vn\/tmtk\/index.php\/8938561051006-2\/\">G\u00f3i 500 GR<\/a><\/p>\n\n\n\n<div class=\"wp-block-columns is-layout-flex wp-container-core-columns-is-layout-28f84493 wp-block-columns-is-layout-flex\">\n<div class=\"wp-block-column is-layout-flow wp-block-column-is-layout-flow\" style=\"flex-basis:100%\">\n<div class=\"wp-block-buttons is-layout-flex wp-block-buttons-is-layout-flex\">\n<div class=\"wp-block-button\"><a class=\"wp-block-button__link wp-element-button\" href=\"https:\/\/s.shopee.vn\/6ATk1O3GR1\">Mua qua Shopee<\/a><\/div>\n\n\n\n<div class=\"wp-block-button\"><a class=\"wp-block-button__link wp-element-button\" href=\"https:\/\/nguonhang.sieu.re\/search?category=a3ba8a5f-0289-470e-bb58-a6eb36cb06ae&amp;isSpecialBlock=true\">\u0110\u1eb7t h\u00e0ng online<\/a><\/div>\n<\/div>\n<\/div>\n<\/div>\n\n\n\n<p>2- <strong>Lo\u1ea1i gi\u00f2n &#8211; Cam B\u00fan:<\/strong><\/p>\n\n\n\n<figure class=\"wp-block-image size-full is-resized\"><img loading=\"lazy\" decoding=\"async\" width=\"764\" height=\"765\" src=\"https:\/\/topmotrieukhuc.vn\/tmtk\/wp-content\/uploads\/2024\/11\/cam-1.jpg\" alt=\"\" class=\"wp-image-228\" style=\"width:1002px;height:auto\" srcset=\"https:\/\/topmotrieukhuc.vn\/tmtk\/wp-content\/uploads\/2024\/11\/cam-1.jpg 764w, https:\/\/topmotrieukhuc.vn\/tmtk\/wp-content\/uploads\/2024\/11\/cam-1-300x300.jpg 300w, https:\/\/topmotrieukhuc.vn\/tmtk\/wp-content\/uploads\/2024\/11\/cam-1-150x150.jpg 150w\" sizes=\"auto, (max-width: 764px) 100vw, 764px\" \/><\/figure>\n\n\n\n<p>T\u00f3p m\u1ee1 lo\u1ea1i gi\u00f2n mi\u1ebfng nh\u1ecf \u0111\u01b0\u1ee3c r\u00e1n kh\u00f4 tr\u00ean 90%, th\u01a1m ngon, b\u00e9o, ng\u1eady v\u00e0 gi\u00f2n.<\/p>\n\n\n\n<p>Ph\u00f9 h\u1ee3p cho \u0103n tr\u1ef1c ti\u1ebfp, qu\u00e1n b\u00fan ri\u00eau t\u00f3p m\u1ee1 ho\u1eb7c \u0103n k\u00e8m v\u1edbi c\u00e1c m\u00f3n \u0103n kh\u00e1c.<\/p>\n\n\n\n<p><a href=\"https:\/\/topmotrieukhuc.vn\/tmtk\/index.php\/8938561051013-2\/\">Xem chi ti\u1ebft<\/a><\/p>\n\n\n\n<div class=\"wp-block-buttons is-layout-flex wp-block-buttons-is-layout-flex\">\n<div class=\"wp-block-button\"><a class=\"wp-block-button__link wp-element-button\" href=\"https:\/\/s.shopee.vn\/6ATk1O3GR1\">Mua qua Shopee<\/a><\/div>\n\n\n\n<div class=\"wp-block-button\"><a class=\"wp-block-button__link wp-element-button\" href=\"https:\/\/nguonhang.sieu.re\/search?category=a3ba8a5f-0289-470e-bb58-a6eb36cb06ae&amp;isSpecialBlock=true\">\u0110\u1eb7t h\u00e0ng online<\/a><\/div>\n<\/div>\n\n\n\n<p><strong>3- Lo\u1ea1i D\u1ebbo &#8211; Xanh<\/strong><\/p>\n\n\n\n<figure class=\"wp-block-image size-full is-resized\"><img loading=\"lazy\" decoding=\"async\" width=\"764\" height=\"765\" src=\"https:\/\/topmotrieukhuc.vn\/tmtk\/wp-content\/uploads\/2024\/11\/xanh-1.jpg\" alt=\"\" class=\"wp-image-227\" style=\"width:1001px;height:auto\" srcset=\"https:\/\/topmotrieukhuc.vn\/tmtk\/wp-content\/uploads\/2024\/11\/xanh-1.jpg 764w, https:\/\/topmotrieukhuc.vn\/tmtk\/wp-content\/uploads\/2024\/11\/xanh-1-300x300.jpg 300w, https:\/\/topmotrieukhuc.vn\/tmtk\/wp-content\/uploads\/2024\/11\/xanh-1-150x150.jpg 150w\" sizes=\"auto, (max-width: 764px) 100vw, 764px\" \/><\/figure>\n\n\n\n<p>T\u00f3p m\u1ee1 lo\u1ea1i d\u1ebbo mi\u1ebfng l\u1edbn \u0111\u01b0\u1ee3c r\u00e1n kh\u00f4 tr\u00ean 80%, th\u01a1m ngon, b\u00e9o, ng\u1eady v\u00e0 d\u1ebbo.<\/p>\n\n\n\n<p>Ph\u00f9 h\u1ee3p cho ch\u1ebf bi\u1ebfn k\u00e8m c\u00e1c m\u00f3n \u0103n kh\u00e1c \u0111\u1eb7c bi\u1ec7t l\u00e0 c\u00e1c nh\u00e0 h\u00e0ng, kh\u00e1ch s\u1ea1n c\u1ea7n nh\u1eadp h\u00e0ng s\u01a1 ch\u1ebf v\u00e0 chi\u00ean l\u1ea1i khi c\u00f3 kh\u00e1ch h\u00e0ng \u0111\u1eb7t h\u00e0ng.<\/p>\n\n\n\n<p><a href=\"https:\/\/topmotrieukhuc.vn\/tmtk\/index.php\/8938561051020-2\/\">Xem chi ti\u1ebft<\/a><\/p>\n\n\n\n<div class=\"wp-block-buttons is-layout-flex wp-block-buttons-is-layout-flex\">\n<div class=\"wp-block-button\"><a class=\"wp-block-button__link wp-element-button\" href=\"https:\/\/s.shopee.vn\/6ATk1O3GR1\">Mua qua Shopee<\/a><\/div>\n\n\n\n<div class=\"wp-block-button\"><a class=\"wp-block-button__link wp-element-button\" href=\"https:\/\/nguonhang.sieu.re\/search?category=a3ba8a5f-0289-470e-bb58-a6eb36cb06ae&amp;isSpecialBlock=true\">\u0110\u1eb7t h\u00e0ng online<\/a><\/div>\n<\/div>\n\n\n\n<p>4- <strong>Lo\u1ea1i gi\u00f2n &#8211; Qu\u00e0 t\u1eb7ng:<\/strong><\/p>\n\n\n\n<figure class=\"wp-block-image size-full is-resized\"><img loading=\"lazy\" decoding=\"async\" width=\"764\" height=\"765\" src=\"https:\/\/topmotrieukhuc.vn\/tmtk\/wp-content\/uploads\/2024\/11\/qua-1.jpg\" alt=\"\" class=\"wp-image-229\" style=\"width:1002px;height:auto\" srcset=\"https:\/\/topmotrieukhuc.vn\/tmtk\/wp-content\/uploads\/2024\/11\/qua-1.jpg 764w, https:\/\/topmotrieukhuc.vn\/tmtk\/wp-content\/uploads\/2024\/11\/qua-1-300x300.jpg 300w, https:\/\/topmotrieukhuc.vn\/tmtk\/wp-content\/uploads\/2024\/11\/qua-1-150x150.jpg 150w\" sizes=\"auto, (max-width: 764px) 100vw, 764px\" \/><\/figure>\n\n\n\n<p>T\u00f3p m\u1ee1 lo\u1ea1i gi\u00f2n mi\u1ebfng to \u0111\u01b0\u1ee3c r\u00e1n kh\u00f4 tr\u00ean 90%, th\u01a1m ngon, b\u00e9o, ng\u1eady v\u00e0 gi\u00f2n.<\/p>\n\n\n\n<p>Ph\u00f9 h\u1ee3p cho \u0103n tr\u1ef1c ti\u1ebfp, l\u00e0m qu\u00e0 t\u1eb7ng cho ng\u01b0\u1eddi th\u00e2n, \u0111\u1ed1i t\u00e1c v\u00e0 mang \u0111i du l\u1ecbch.<\/p>\n\n\n\n<p><a href=\"https:\/\/topmotrieukhuc.vn\/tmtk\/index.php\/8938561051037-2\/\">G\u00f3i 500 GR<\/a><\/p>\n\n\n\n<p><a href=\"https:\/\/topmotrieukhuc.vn\/tmtk\/index.php\/8938561051051-2\/\">G\u00f3i 1 KG<\/a><\/p>\n\n\n\n<div class=\"wp-block-buttons is-layout-flex wp-block-buttons-is-layout-flex\">\n<div class=\"wp-block-button\"><a class=\"wp-block-button__link wp-element-button\" href=\"https:\/\/s.shopee.vn\/6ATk1O3GR1\">Mua qua Shopee<\/a><\/div>\n\n\n\n<div class=\"wp-block-button\"><a class=\"wp-block-button__link wp-element-button\" href=\"https:\/\/nguonhang.sieu.re\/search?category=a3ba8a5f-0289-470e-bb58-a6eb36cb06ae&amp;isSpecialBlock=true\">\u0110\u1eb7t h\u00e0ng online<\/a><\/div>\n<\/div>\n\n\n\n<p><strong>5- Lo\u1ea1i v\u1ee5n<\/strong><\/p>\n\n\n\n<figure class=\"wp-block-image size-full is-resized\"><img loading=\"lazy\" decoding=\"async\" width=\"472\" height=\"452\" src=\"https:\/\/topmotrieukhuc.vn\/tmtk\/wp-content\/uploads\/2024\/04\/vun1.jpg\" alt=\"\" class=\"wp-image-172\" style=\"width:1001px;height:auto\" srcset=\"https:\/\/topmotrieukhuc.vn\/tmtk\/wp-content\/uploads\/2024\/04\/vun1.jpg 472w, https:\/\/topmotrieukhuc.vn\/tmtk\/wp-content\/uploads\/2024\/04\/vun1-300x287.jpg 300w\" sizes=\"auto, (max-width: 472px) 100vw, 472px\" \/><\/figure>\n\n\n\n<p>T\u00f3p m\u1ee1 lo\u1ea1i gi\u00f2n mi\u1ebfng nh\u1ecf \u0111\u01b0\u1ee3c r\u00e1n kh\u00f4 tr\u00ean 90%, th\u01a1m ngon, b\u00e9o, ng\u1eady v\u00e0 gi\u00f2n.<\/p>\n\n\n\n<p>Ph\u00f9 h\u1ee3p cho \u0103n tr\u1ef1c ti\u1ebfp, nh\u1eadu v\u1edbi bia ho\u1eb7c \u0103n k\u00e8m v\u1edbi c\u00e1c m\u00f3n \u0103n kh\u00e1c.<\/p>\n\n\n\n<div class=\"wp-block-buttons is-layout-flex wp-block-buttons-is-layout-flex\">\n<div class=\"wp-block-button\"><a class=\"wp-block-button__link wp-element-button\" href=\"https:\/\/nguonhang.sieu.re\/search?category=a3ba8a5f-0289-470e-bb58-a6eb36cb06ae&amp;isSpecialBlock=true\">\u0110\u1eb7t h\u00e0ng online<\/a><\/div>\n<\/div>\n\n\n\n<p><strong>4- M\u1ee1 n\u01b0\u1edbc<\/strong><\/p>\n\n\n\n<figure class=\"wp-block-image size-large is-resized\"><img loading=\"lazy\" decoding=\"async\" width=\"577\" height=\"1024\" src=\"https:\/\/topmotrieukhuc.vn\/tmtk\/wp-content\/uploads\/2024\/04\/mo-577x1024.jpg\" alt=\"\" class=\"wp-image-173\" style=\"width:999px;height:auto\" srcset=\"https:\/\/topmotrieukhuc.vn\/tmtk\/wp-content\/uploads\/2024\/04\/mo-577x1024.jpg 577w, https:\/\/topmotrieukhuc.vn\/tmtk\/wp-content\/uploads\/2024\/04\/mo-169x300.jpg 169w, https:\/\/topmotrieukhuc.vn\/tmtk\/wp-content\/uploads\/2024\/04\/mo-768x1364.jpg 768w, https:\/\/topmotrieukhuc.vn\/tmtk\/wp-content\/uploads\/2024\/04\/mo-865x1536.jpg 865w, https:\/\/topmotrieukhuc.vn\/tmtk\/wp-content\/uploads\/2024\/04\/mo.jpg 1081w\" sizes=\"auto, (max-width: 577px) 100vw, 577px\" \/><\/figure>\n\n\n\n<p>M\u1ee1 r\u00e1n t\u1eeb qu\u00e1 tr\u00ecnh l\u00e0m T\u00f3p M\u1ee1 Tri\u1ec1u Kh\u00fac, th\u01a1m, ngon, \u0111\u1eb7c bi\u1ec7t.<\/p>\n\n\n\n<p>Ph\u00f9 h\u1ee3p cho n\u1ea5u \u0103n gia \u0111\u00ecnh, c\u00e1c c\u1eeda h\u00e0ng ch\u1ea3 c\u00e1, nh\u00e0 h\u00e0ng, ti\u1ec7m b\u00e1nh&#8230;<\/p>\n\n\n\n<div class=\"wp-block-buttons is-layout-flex wp-block-buttons-is-layout-flex\">\n<div class=\"wp-block-button\"><a class=\"wp-block-button__link wp-element-button\" href=\"https:\/\/nguonhang.sieu.re\/search?category=a3ba8a5f-0289-470e-bb58-a6eb36cb06ae&amp;isSpecialBlock=true\">\u0110\u1eb7t h\u00e0ng online<\/a><\/div>\n<\/div>\n\n\n\n<p>\u0110\u1ecba ch\u1ec9 s\u1ea3n xu\u1ea5t: 6 Ng\u00f5 300 Nguy\u1ec5n Xi\u1ec3n, Tri\u1ec1u Kh\u00fac, Thanh Li\u1ec7t, H\u00e0 N\u1ed9i<\/p>\n\n\n\n<p>Li\u00ean h\u1ec7: 0949.32.8886 &#8211; 0855.97.6668 &#8211; 0988.42.88.21<\/p>\n\n\n\n<p>Cam k\u1ebft: <\/p>\n\n\n\n<p>1- H\u00e0ng s\u1ea3n xu\u1ea5t theo c\u00f4ng th\u1ee9c gia truy\u1ec1n tr\u00ean 20 n\u0103m t\u1ea1i l\u00e0ng Tri\u1ec1u Kh\u00fac, T\u00e2n Tri\u1ec1u, Thanh Tr\u00ec, H\u00e0 N\u1ed9i<\/p>\n\n\n\n<p>2- H\u00e0ng s\u1ea3n xu\u1ea5t h\u00e0ng ng\u00e0y n\u00ean th\u01a1m ngon n\u00f3ng gi\u00f2n<\/p>\n\n\n\n<p>3- Kh\u00e1ch c\u00f3 th\u1ec3 qua tr\u1ef1c ti\u1ebfp x\u01b0\u1edfng \u0111\u1ec3 \u0103n th\u1eed v\u00e0 mua h\u00e0ng <\/p>\n\n\n\n<p>4- An to\u00e0n v\u1ec7 sinh th\u1ef1c ph\u1ea9m: Th\u1ecbt l\u1ee3n \u0111\u01b0\u1ee3c l\u1ef1a ch\u1ecdn c\u1ea9n th\u1eadn, quy tr\u00ecnh ch\u1ebf bi\u1ebfn s\u1ea1ch s\u1ebd. <\/p>\n\n\n\n<p>Ph\u00f9 h\u1ee3p: <\/p>\n\n\n\n<p>1- \u0102n tr\u1ef1c ti\u1ebfp <\/p>\n\n\n\n<p>2- Ch\u1ebf bi\u1ebfn c\u00f9ng c\u00e1c m\u00f3n \u0103n kh\u00e1c <\/p>\n\n\n\n<p>2- L\u00e0m nh\u00e0 h\u00e0ng bia, l\u1ea9u <\/p>\n\n\n\n<p>3- L\u00e0m qu\u00e0 t\u1eb7ng cho ng\u01b0\u1eddi th\u00e2n, \u0111\u1ed1i t\u00e1c trong c\u00e1c d\u1ecbp l\u1ec5, t\u1ebft<\/p>\n\n\n\n<p>T\u00f3p m\u1ee1 Tri\u1ec1u Kh\u00fac v\u1edbi c\u00f4ng th\u1ee9c gia truy\u1ec1n tr\u00ean 20 n\u0103m s\u1ebd kh\u00e1c bi\u1ec7t v\u1edbi t\u00f3p m\u1ee1 \u1edf c\u00e1c n\u01a1i kh\u00e1c. Khi \u0103n, t\u00f3p gi\u00f2n nh\u01b0ng v\u1eabn c\u00f3 \u0111\u1ed9 ng\u1ecdt, ng\u1eady, th\u01a1m ch\u1ee9 kh\u00f4ng c\u1ee9ng nh\u01b0 c\u00e1c qu\u00e1n bia t\u1ef1 r\u00e1n.<\/p>\n\n\n\n<p>C\u00e1c m\u1eb9 khi t\u1ed5 ch\u1ee9c ti\u1ec7c c\u01b0\u1edbi c\u1ea7n s\u1ed1 l\u01b0\u1ee3ng l\u1edbn h\u00e3y li\u00ean h\u1ec7 tr\u1ef1c ti\u1ebfp zalo s\u1ed1 0855.97.66.68  ho\u1eb7c 0566.537.537 \u0111\u1ec3 \u0111\u1eb7t h\u00e0ng. #t\u00f3p_m\u1ee1_tri\u1ec1u_kh\u00fac #x\u01b0\u1edfng_t\u00f3p_m\u1ee1_tri\u1ec1u_kh\u00fac #b\u1ebfp_m\u1eb9_trang<\/p>\n\n\n\n<p>Mua t\u00f3p m\u1ee1 tri\u1ec1u kh\u00fac ch\u00ednh hi\u1ec7u \u1edf \u0111\u00e2u?<\/p>\n\n\n\n<p>X\u01b0\u1edfng t\u00f3p m\u1ee1 tri\u1ec1u kh\u00fac \u1edf \u0111\u00e2u?<\/p>\n\n\n\n<p>T\u00f3p m\u1ee1 tri\u1ec1u kh\u00fac \u1edf \u0111\u00e2u ngon nh\u1ea5t?<\/p>\n\n\n\n<figure class=\"wp-block-gallery has-nested-images columns-default is-cropped wp-block-gallery-1 is-layout-flex wp-block-gallery-is-layout-flex\">\n<figure class=\"wp-block-image size-large\"><img loading=\"lazy\" decoding=\"async\" width=\"764\" height=\"765\" data-id=\"97\" src=\"https:\/\/topmotrieukhuc.vn\/tmtk\/wp-content\/uploads\/2024\/04\/2-3.png\" alt=\"\" class=\"wp-image-97\" srcset=\"https:\/\/topmotrieukhuc.vn\/tmtk\/wp-content\/uploads\/2024\/04\/2-3.png 764w, https:\/\/topmotrieukhuc.vn\/tmtk\/wp-content\/uploads\/2024\/04\/2-3-300x300.png 300w, https:\/\/topmotrieukhuc.vn\/tmtk\/wp-content\/uploads\/2024\/04\/2-3-150x150.png 150w\" sizes=\"auto, (max-width: 764px) 100vw, 764px\" \/><\/figure>\n\n\n\n<figure class=\"wp-block-image size-large\"><img loading=\"lazy\" decoding=\"async\" width=\"764\" height=\"765\" data-id=\"105\" src=\"https:\/\/topmotrieukhuc.vn\/tmtk\/wp-content\/uploads\/2024\/04\/3-1.png\" alt=\"\" class=\"wp-image-105\" srcset=\"https:\/\/topmotrieukhuc.vn\/tmtk\/wp-content\/uploads\/2024\/04\/3-1.png 764w, https:\/\/topmotrieukhuc.vn\/tmtk\/wp-content\/uploads\/2024\/04\/3-1-300x300.png 300w, https:\/\/topmotrieukhuc.vn\/tmtk\/wp-content\/uploads\/2024\/04\/3-1-150x150.png 150w\" sizes=\"auto, (max-width: 764px) 100vw, 764px\" \/><\/figure>\n\n\n\n<figure class=\"wp-block-image size-large\"><img loading=\"lazy\" decoding=\"async\" width=\"764\" height=\"765\" data-id=\"101\" src=\"https:\/\/topmotrieukhuc.vn\/tmtk\/wp-content\/uploads\/2024\/04\/4-2.png\" alt=\"\" class=\"wp-image-101\" srcset=\"https:\/\/topmotrieukhuc.vn\/tmtk\/wp-content\/uploads\/2024\/04\/4-2.png 764w, https:\/\/topmotrieukhuc.vn\/tmtk\/wp-content\/uploads\/2024\/04\/4-2-300x300.png 300w, https:\/\/topmotrieukhuc.vn\/tmtk\/wp-content\/uploads\/2024\/04\/4-2-150x150.png 150w\" sizes=\"auto, (max-width: 764px) 100vw, 764px\" \/><\/figure>\n\n\n\n<figure class=\"wp-block-image size-large\"><img loading=\"lazy\" decoding=\"async\" width=\"764\" height=\"765\" data-id=\"100\" src=\"https:\/\/topmotrieukhuc.vn\/tmtk\/wp-content\/uploads\/2024\/04\/7-1.png\" alt=\"\" class=\"wp-image-100\" srcset=\"https:\/\/topmotrieukhuc.vn\/tmtk\/wp-content\/uploads\/2024\/04\/7-1.png 764w, https:\/\/topmotrieukhuc.vn\/tmtk\/wp-content\/uploads\/2024\/04\/7-1-300x300.png 300w, https:\/\/topmotrieukhuc.vn\/tmtk\/wp-content\/uploads\/2024\/04\/7-1-150x150.png 150w\" sizes=\"auto, (max-width: 764px) 100vw, 764px\" \/><\/figure>\n\n\n\n<figure class=\"wp-block-image size-large\"><img loading=\"lazy\" decoding=\"async\" width=\"764\" height=\"765\" data-id=\"99\" src=\"https:\/\/topmotrieukhuc.vn\/tmtk\/wp-content\/uploads\/2024\/04\/9-1.png\" alt=\"\" class=\"wp-image-99\" srcset=\"https:\/\/topmotrieukhuc.vn\/tmtk\/wp-content\/uploads\/2024\/04\/9-1.png 764w, https:\/\/topmotrieukhuc.vn\/tmtk\/wp-content\/uploads\/2024\/04\/9-1-300x300.png 300w, https:\/\/topmotrieukhuc.vn\/tmtk\/wp-content\/uploads\/2024\/04\/9-1-150x150.png 150w\" sizes=\"auto, (max-width: 764px) 100vw, 764px\" \/><\/figure>\n\n\n\n<figure class=\"wp-block-image size-large\"><img loading=\"lazy\" decoding=\"async\" width=\"764\" height=\"765\" data-id=\"102\" src=\"https:\/\/topmotrieukhuc.vn\/tmtk\/wp-content\/uploads\/2024\/04\/10-1.png\" alt=\"\" class=\"wp-image-102\" srcset=\"https:\/\/topmotrieukhuc.vn\/tmtk\/wp-content\/uploads\/2024\/04\/10-1.png 764w, https:\/\/topmotrieukhuc.vn\/tmtk\/wp-content\/uploads\/2024\/04\/10-1-300x300.png 300w, https:\/\/topmotrieukhuc.vn\/tmtk\/wp-content\/uploads\/2024\/04\/10-1-150x150.png 150w\" sizes=\"auto, (max-width: 764px) 100vw, 764px\" \/><\/figure>\n<\/figure>\n","protected":false},"excerpt":{"rendered":"<p>1- Qu\u00e0 t\u1eb7ng VIP T\u00f3p M\u1ee1 Lo\u1ea1i gi\u00f2n ngon, mi\u1ebfng to \u0111\u1ec1u, chi\u00ean k\u1ef9, h\u00fat ch\u00e2n kh\u00f4ng k\u00e8m h\u1ed9p qu\u00e0 t\u1eb7ng sang tr\u1ecdng. D\u00f9ng th\u1eafp h\u01b0\u01a1ng gia ti\u00ean, t\u1eb7ng qu\u00e0 s\u1ebfp, \u0111\u1ed1i t\u00e1c&#8230; 1- Lo\u1ea1i gi\u00f2n &#8211; \u0110\u1ecf Bia: T\u00f3p m\u1ee1 lo\u1ea1i gi\u00f2n mi\u1ebfng l\u1edbn \u0111\u01b0\u1ee3c r\u00e1n kh\u00f4 tr\u00ean 90%, th\u01a1m ngon, b\u00e9o, ng\u1eady v\u00e0 [&hellip;]<\/p>\n","protected":false},"author":1,"featured_media":98,"parent":0,"menu_order":0,"comment_status":"open","ping_status":"closed","template":"","meta":{"footnotes":""},"class_list":["post-92","page","type-page","status-publish","has-post-thumbnail","hentry"],"_links":{"self":[{"href":"https:\/\/topmotrieukhuc.vn\/tmtk\/index.php\/wp-json\/wp\/v2\/pages\/92","targetHints":{"allow":["GET"]}}],"collection":[{"href":"https:\/\/topmotrieukhuc.vn\/tmtk\/index.php\/wp-json\/wp\/v2\/pages"}],"about":[{"href":"https:\/\/topmotrieukhuc.vn\/tmtk\/index.php\/wp-json\/wp\/v2\/types\/page"}],"author":[{"embeddable":true,"href":"https:\/\/topmotrieukhuc.vn\/tmtk\/index.php\/wp-json\/wp\/v2\/users\/1"}],"replies":[{"embeddable":true,"href":"https:\/\/topmotrieukhuc.vn\/tmtk\/index.php\/wp-json\/wp\/v2\/comments?post=92"}],"version-history":[{"count":32,"href":"https:\/\/topmotrieukhuc.vn\/tmtk\/index.php\/wp-json\/wp\/v2\/pages\/92\/revisions"}],"predecessor-version":[{"id":563,"href":"https:\/\/topmotrieukhuc.vn\/tmtk\/index.php\/wp-json\/wp\/v2\/pages\/92\/revisions\/563"}],"wp:featuredmedia":[{"embeddable":true,"href":"https:\/\/topmotrieukhuc.vn\/tmtk\/index.php\/wp-json\/wp\/v2\/media\/98"}],"wp:attachment":[{"href":"https:\/\/topmotrieukhuc.vn\/tmtk\/index.php\/wp-json\/wp\/v2\/media?parent=92"}],"curies":[{"name":"wp","href":"https:\/\/api.w.org\/{rel}","templated":true}]}}