{"id":509,"date":"2025-09-06T07:47:14","date_gmt":"2025-09-06T07:47:14","guid":{"rendered":"https:\/\/topmotrieukhuc.vn\/tmtk\/?page_id=509"},"modified":"2025-09-08T13:16:58","modified_gmt":"2025-09-08T13:16:58","slug":"huong-dan-nha-hang-che-bien-top-mo-trieu-khuc","status":"publish","type":"page","link":"https:\/\/topmotrieukhuc.vn\/tmtk\/index.php\/huong-dan-nha-hang-che-bien-top-mo-trieu-khuc\/","title":{"rendered":"H\u01af\u1edaNG D\u1eaaN NH\u00c0 H\u00c0NG CH\u1ebe BI\u1ebeN T\u00d3P M\u1ee0 TRI\u1ec0U KH\u00daC"},"content":{"rendered":"\n<p>M\u1ed9t s\u1ed1 anh ch\u1ecb nh\u00e0 h\u00e0ng \u0111ang ch\u01b0a bi\u1ebft ch\u1ebf bi\u1ebfn T\u00f3p M\u1ee1 Tri\u1ec1u Kh\u00fac \u0111\u00fang c\u00e1ch. T\u00f3p c\u00f3 th\u1ec3 b\u1ecb kh\u00f4, c\u1ee9ng, \u0111en, ch\u00e1y ho\u1eb7c \u00f5ng m\u1ee1 \u1ea3nh h\u01b0\u1edfng t\u1edbi vi\u1ec7c th\u01b0\u1edfng th\u1ee9c c\u1ee7a kh\u00e1ch. Sau \u0111\u00e2y TopMoTrieuKhuc.vn xin vi\u1ebft h\u01b0\u1edbng d\u1eabn anh ch\u1ecb \u0111\u1ea7y \u0111\u1ee7 c\u00e1ch th\u1ee9c ch\u1ebf bi\u1ebfn, b\u00e0i h\u01a1i d\u00e0i anh ch\u1ecb \u0111\u1ecdc k\u1ef9 n\u1ed9i dung:<\/p>\n\n\n\n<p>1- Th\u1ebf n\u00e0o l\u00e0 1 mi\u1ebfng t\u00f3p m\u1ee1 tri\u1ec1u kh\u00fac ngon:<\/p>\n\n\n\n<ul class=\"wp-block-list\">\n<li>B\u1ec1 m\u1eb7t kh\u00f4 r\u00e1o, b\u00ean trong c\u00f2n ch\u00fat m\u1ee1, th\u1ecbt b\u00ean trong h\u01a1i d\u1ebbo &#8211; gi\u00f2n nh\u01b0ng b\u00ean trong v\u1eabn c\u00f2n \u0111\u1ed9 h\u01a1i d\u1ebbo.<\/li>\n\n\n\n<li>Ph\u1ea7n m\u1ee1 t\u00f3p kho\u1ebb, ph\u1eb3ng, s\u00e1ng. N\u1ebfu ph\u1ea7n m\u1ee1 th\u00e2m \u0111en x\u00e1m, n\u00e1t l\u00e0 T\u00f3p s\u1ea3n xu\u1ea5t b\u1eb1ng th\u1ecbt \u0111\u00f4ng l\u1ea1nh. T\u00f3p \u0111\u00f4ng l\u1ea1nh m\u00e0u s\u1eafc x\u1ea5u v\u00e0 \u0103n kh\u00f4ng ng\u1ecdt nh\u01b0 t\u00f3p th\u1ecbt t\u01b0\u01a1i.<\/li>\n\n\n\n<li>T\u00f3p M\u1ee1 Tri\u1ec1u Kh\u00fac \u0103n r\u1ea5t ngon v\u00e0 \u0111\u1ec3 l\u1ea1i d\u01b0 v\u1ecb l\u00e2u (\u0110\u1ed9 ngon d\u00f9ng l\u1eddi kh\u00f4ng di\u1ec5n t\u1ea3 n\u1ed5i, ch\u1ec9 bi\u1ebft \u0103n c\u00f3 v\u1ecb ngon \u0111\u1eb7c bi\u1ec7t).<\/li>\n<\/ul>\n\n\n\n<p><\/p>\n\n\n\n<figure class=\"wp-block-image size-large\"><img loading=\"lazy\" decoding=\"async\" width=\"768\" height=\"1024\" src=\"https:\/\/topmotrieukhuc.vn\/tmtk\/wp-content\/uploads\/2025\/09\/IMG_8420-768x1024.jpeg\" alt=\"\" class=\"wp-image-531\" srcset=\"https:\/\/topmotrieukhuc.vn\/tmtk\/wp-content\/uploads\/2025\/09\/IMG_8420-768x1024.jpeg 768w, https:\/\/topmotrieukhuc.vn\/tmtk\/wp-content\/uploads\/2025\/09\/IMG_8420-225x300.jpeg 225w, https:\/\/topmotrieukhuc.vn\/tmtk\/wp-content\/uploads\/2025\/09\/IMG_8420.jpeg 960w\" sizes=\"auto, (max-width: 768px) 100vw, 768px\" \/><\/figure>\n\n\n\n<p>2- \u0110\u1eb7c t\u00ednh c\u1ee7a t\u00f3p m\u1ee1 tri\u1ec1u kh\u00fac: Do c\u00f2n m\u1ee1 \u1edf b\u00ean trong mi\u1ebfng t\u00f3p n\u00ean b\u1ea3o qu\u1ea3n t\u1ee7 l\u1ea1nh hay t\u1ee7 \u0111\u00f4ng \u0111\u1ec3 l\u1edbp m\u1ee1 n\u00e0y kh\u00f4ng ng\u1ea5m ra b\u1ec1 m\u1eb7t t\u00f3p l\u00e0m \u01b0\u1edbt mi\u1ebfng t\u00f3p (\u1ec9u).<br>T\u00f3p m\u1edbi s\u1ea3n xu\u1ea5t kh\u1ecfi b\u1ebfp th\u00ec b\u1ec1 m\u1eb7t s\u1ebd kh\u00f4 r\u00e1o, v\u00ec m\u1ee1 \u0111ang t\u1eadp trung \u1edf trong. \u1ede nhi\u1ec7t \u0111\u1ed9 th\u01b0\u1eddng th\u00ec l\u1edbp m\u1ee1 n\u00e0y s\u1ebd ng\u1ea5m ra ngo\u00e0i b\u1ec1 m\u1eb7t n\u00ean t\u00f3p s\u1ebd \u01b0\u1edbt. Khi m\u1edbi nh\u1eadp v\u1ec1 s\u1ebd c\u00f3 m\u1ebb m\u1edbi s\u1ea3n xu\u1ea5t, m\u1ebb s\u1ea3n xu\u1ea5t tr\u01b0\u1edbc \u0111\u00f3 n\u00ean b\u1ec1 m\u1eb7t t\u00f3p nh\u00ecn s\u1ebd kh\u00e1c nhau. H\u01a1n n\u1eefa, th\u1ecbt m\u1ed7i con l\u1ee3n c\u0169ng kh\u00f4ng gi\u1ed1ng nhau. Con n\u1ea1c, con m\u1ee1. Con n\u1ea1c th\u00ec m\u00e0u t\u00f3p s\u1ebd t\u1ed1i h\u01a1n. Con m\u1ee1 nhi\u1ec1u th\u00ec m\u00e0u t\u00f3p s\u00e1ng h\u01a1n. Con l\u1ee3n to nhi\u1ec1u th\u00e1ng th\u00ec m\u00e0u n\u1ea1c t\u1ed1i h\u01a1n con l\u1ee3n \u00edt th\u00e1ng.<br>N\u00ean T\u00f3p nh\u1eadp v\u1ec1 m\u00e0u t\u00f3p th\u01b0\u1eddng kh\u00f4ng gi\u1ed1ng nhau (m\u00e0u t\u00f3p ch\u1ee7 y\u1ebfu do th\u1ecbt nhi\u1ec1u n\u1ea1c hay nhi\u1ec1u m\u1ee1).<\/p>\n\n\n\n<p>3- C\u00f3 3 c\u1ea5p \u0111\u1ed9 chi\u00ean l\u1ea1i T\u00f3p M\u1ee1 Tri\u1ec1u Kh\u00fac. N\u00ean B\u1ebfp c\u1ea7n hi\u1ec3u r\u00f5 \u0111\u1ec3 x\u1eed l\u00fd cho m\u1ed7i kh\u00e1ch ph\u00f9 h\u1ee3p.<\/p>\n\n\n\n<p>C\u00e1ch 1: L\u00e0m n\u00f3ng t\u00f3p<\/p>\n\n\n\n<ul class=\"wp-block-list\">\n<li>N\u1ebfu t\u00f3p \u0111ang gi\u00f2n, \u0111en, t\u1ed1i, \u0111\u00e3 chao l\u1ea1i 1, 2, 3 l\u1ea7n r\u1ed3i m\u00ecnh c\u1ea7n chao l\u1ea1i m\u00e0 v\u1eabn gi\u1eef nguy\u00ean th\u00ec d\u00f9ng c\u00e1ch n\u00e0y. C\u00e1ch l\u00e0m nh\u01b0 sau:<\/li>\n\n\n\n<li>\u0110un m\u1ee1 n\u00f3ng \u1edf nhi\u1ec7t \u0111\u1ed9 130-150 \u0111\u1ed9 C (kh\u00f4ng n\u00f3ng qu\u00e1 v\u00ec m\u00ecnh c\u1ea7n l\u00e0m n\u00f3ng, m\u1ee1 s\u00f4i m\u00e0 kh\u00f4ng qu\u00e1 gi\u00e0, c\u0169ng kh\u00f4ng ph\u1ea3i nhi\u1ec7t k\u00e9m qu\u00e1 m\u00e0 t\u00f3p kh\u00f4ng kh\u00f4 \u0111\u01b0\u1ee3c b\u1ec1 m\u1eb7t)<\/li>\n\n\n\n<li>\u0110\u1ed5 t\u00f3p v\u00e0o, ban \u0111\u1ea7u m\u1ee1 ngo\u00e0i n\u00f3ng, m\u1ee1 trong l\u1ea1nh, t\u00f3p s\u1ebd ch\u00ecm xu\u1ed1ng v\u00e0 d\u1ea7n b\u1ecdt nhi\u1ec1u khi\u1ebfn t\u00f3p n\u1ed5i l\u00ean.<\/li>\n\n\n\n<li>V\u1edbt ngay sau khi t\u00f3p khi t\u00f3p n\u1ed5i l\u00ean. Khi n\u00e0y t\u00f3p ch\u1ec9 m\u1edbi \u0111\u01b0\u1ee3c l\u00e0m n\u00f3ng ch\u1ee9 kh\u00f4ng l\u00e0m thay \u0111\u1ed5i m\u00e0u s\u1eafc hay ch\u1ea5t c\u1ee7a t\u00f3p.<br>(R\u1ea5t nhi\u1ec1u anh ch\u1ecb khi nh\u1eadp t\u00f3p v\u1ec1 m\u00e0u h\u01a1i t\u1ed1i \u0111\u00e3 th\u1ea5y kh\u00f3 x\u1eed l\u00fd v\u00ec anh ch\u1ecb \u0111\u1ec3 nhi\u1ec7t \u0111\u1ed9 m\u1ee1 cao qu\u00e1, t\u00f3p \u0111\u00e3 gi\u00f2n s\u1eb5n ho\u1eb7c m\u00e0u t\u1ed1i s\u1eb5n th\u00eam nhi\u1ec7t \u0111\u1ed9 m\u1ee1 qu\u00e1 cao s\u1ebd khi\u1ebfn t\u00f3p ch\u00e1y ho\u1eb7c \u0111en h\u01a1n. N\u00ean anh ch\u1ecb d\u00f9ng c\u00e1ch n\u00e0y \u0111\u1ec3 x\u1eed l\u00fd)<\/li>\n<\/ul>\n\n\n\n<p>C\u00e1ch 2: L\u00e0m gi\u00f2n h\u01a1n:<\/p>\n\n\n\n<p>Chao nh\u01b0 c\u00e1ch 1 nh\u01b0ng \u0111\u1ec3 b\u1ecdt gi\u1ea3m nhi\u1ec1u h\u01a1n. Do nhi\u1ec7t \u0111\u1ed9 d\u01b0\u1edbi 150 \u0111\u1ed9 n\u00ean t\u00f3p c\u0169ng kh\u00f4ng l\u00e0m m\u00e0u \u1ea3nh h\u01b0\u1edfng nhi\u1ec1u. Nh\u01b0ng do m\u1ee1 n\u00f3ng \u0111\u1ea9y m\u1ee1 l\u1ea1nh ra nhi\u1ec1u h\u01a1n n\u00ean t\u00f3p s\u1ebd gi\u00f2n h\u01a1n.<\/p>\n\n\n\n<p>C\u00e1ch 3: L\u00e0m si\u00eau gi\u00f2n:<br>L\u00e0m nh\u01b0 c\u00e1ch 2 nh\u01b0ng \u0111\u1ec3 t\u00f3p h\u1ebft b\u1ecdt m\u1edbi v\u1edbi ra. Khi n\u00e0y m\u1ee1 s\u1ebd h\u1ebft ki\u1ec7t n\u00ean t\u00f3p s\u1ebd si\u00eau gi\u00f2n. Sau giai \u0111o\u1ea1n n\u00e0y s\u1ebd t\u1edbi giai \u0111o\u1ea1n ch\u00e1y. N\u00ean nhi\u1ec7t \u0111\u1ed9 kh\u00f4ng \u0111\u1ec3 qu\u00e1 150 \u0111\u1ed9 khi\u1ebfn t\u00f3p ch\u00e1y.<\/p>\n\n\n\n<p><\/p>\n\n\n\n<figure class=\"wp-block-embed aligncenter is-type-video is-provider-youtube wp-block-embed-youtube wp-embed-aspect-16-9 wp-has-aspect-ratio\"><div class=\"wp-block-embed__wrapper\">\n<iframe loading=\"lazy\" title=\"H\u01b0\u1edbng D\u1eabn Chi\u00ean R\u00e1n l\u1ea1i T\u00f3p M\u1ee1 Tri\u1ec1u Kh\u00fac \u0110\u00fang - Chu\u1ea9n - Gi\u00f2n - Ngon - Nh\u01b0 M\u1edbi #amthuc #c\u00f4ngth\u1ee9c\" width=\"500\" height=\"281\" src=\"https:\/\/www.youtube.com\/embed\/ligbC0ERet4?feature=oembed\" frameborder=\"0\" allow=\"accelerometer; autoplay; clipboard-write; encrypted-media; gyroscope; picture-in-picture; web-share\" referrerpolicy=\"strict-origin-when-cross-origin\" allowfullscreen><\/iframe>\n<\/div><\/figure>\n\n\n\n<p>Nguy\u00ean l\u00fd t\u1ea1o \u0111\u1ed9 gi\u00f2n c\u1ee7a t\u00f3p:<\/p>\n\n\n\n<ul class=\"wp-block-list\">\n<li>M\u1ee1 trong t\u00f3p l\u1ea1nh, m\u1ee1 ngo\u00e0i ch\u1ea3o n\u00f3ng s\u1ebd \u0111\u1ea9y m\u1ee1 l\u1ea1nh trong t\u00f3p ra ngo\u00e0i t\u1ea1o ra s\u1ee7i b\u1ecdt (nh\u01b0 t\u00f4i v\u00f4i). Khi b\u1ecdt \u0111ang \u0111\u1ea9y t\u1eeb trong ra ta v\u1edbt t\u00f3p kh\u1ecfi m\u1ee1 s\u1ebd t\u1ea1o ch\u00eanh l\u1ec7ch \u00e1p su\u1ea5t h\u00fat ng\u01b0\u1ee3c c\u00e1c m\u1ee1 b\u00e1m \u1edf b\u1ec1 m\u1eb7t t\u00f3p v\u00e0o trong t\u1ea1o n\u00ean b\u1ec1 m\u1eb7t t\u00f3p kh\u00f4 d\u00e1o v\u00e0 ph\u1ea7n m\u1ee1 h\u00fat ng\u01b0\u1ee3c t\u1ea1o n\u00ean \u0111\u1ed9 ng\u1eady b\u00ean trong c\u1ee7a t\u00f3p.<\/li>\n\n\n\n<li>Do \u0111\u00f3, l\u00fac cu\u1ed1i c\u00f3 th\u1ec3 t\u0103ng th\u00eam ch\u00fat nhi\u1ec7t th\u00ec \u0111\u1ed9 kh\u00f4 c\u1ee7a b\u1ec1 m\u1eb7t s\u1ebd nhi\u1ec1u h\u01a1n. Nh\u01b0ng kh\u00f4ng th\u1ed1c nhi\u1ec7t qu\u00e1 160 \u0111\u1ed9 \u0111\u1ec3 tr\u00e1nh ch\u00e1y v\u00e0 khi c\u1ea7n c\u00f3 th\u1ec3 chi\u00ean l\u1ea1i l\u1ea7n 2-3-4. N\u1ebfu \u0111\u1ec3 nhi\u1ec7t cao qu\u00e1 th\u00ec chi\u00ean l\u1ea1i l\u1ea7n 2-3-4 s\u1ebd kh\u00f3 v\u00ec t\u00f3p c\u00f3 th\u1ec3 gi\u00f2n qu\u00e1<\/li>\n<\/ul>\n\n\n\n<p>L\u01b0u \u00fd: \u0110\u1ec3 x\u01b0\u1edfng chi\u00ean l\u1ea1i 5 l\u1ea7n th\u00ec t\u00f3p v\u1eabn kh\u00f4ng ch\u00e1y, ch\u1ec9 t\u0103ng \u0111\u1ed9 gi\u00f2n c\u1ee7a t\u00f3p. T\u00f3p s\u1ea3n xu\u1ea5t cho b\u00fan th\u01b0\u1eddng ph\u1ea3i th\u00e1i si\u00eau m\u1ecfng v\u00e0 chi\u00ean t\u1edbi 3 l\u1ea7n cho kh\u00f4. Trong khi t\u00f3p bia d\u00e0y, anh ch\u1ecb nh\u1eadp v\u1ec1 c\u1ea7n ph\u1ea3i chi\u00ean th\u00eam 1-2 l\u1ea7n n\u1eefa m\u1edbi kh\u00f4 b\u1eb1ng t\u00f3p b\u00fan (T\u00f3p b\u00fan b\u00e1n cao h\u01a1n t\u00f3p bia v\u00ec chi\u00ean kh\u00f4 ki\u1ec7t m\u1ee1)<\/p>\n\n\n\n<p>4- R\u1ea5t nhi\u1ec1u nh\u00e0 h\u00e0ng \u0111\u1eb7c bi\u1ec7t l\u00e0 c\u00e1c nh\u00e0 h\u00e0ng H\u00e0n Qu\u1ed1c ch\u1ea3o chi\u00ean th\u01b0\u1eddng \u0111\u1ec3 nhi\u1ec7t \u0111\u1ed9 180 \u0111\u1ed9 C. N\u00ean n\u1ebfu anh ch\u1ecb kh\u00f4ng mu\u1ed1n gi\u1ea3m nhi\u1ec7t \u0111\u1ed9 ch\u1ea3o \u0111\u1ec3 chao l\u1ea1i t\u00f3p th\u00ec anh ch\u1ecb ph\u1ea3i \u0111\u1ec3 \u00fd khi t\u00f3p n\u1ed5i l\u00ean anh ch\u1ecb ph\u1ea3i v\u1edbt ra ngay n\u1ebfu kh\u00f4ng t\u00f3p s\u1ebd gi\u00f2n qu\u00e1 ho\u1eb7c ch\u00e1y. \u1ede m\u1ee9c \u0111\u1ed9 n\u00e0y ch\u1ec9 \u0111\u1ec3 anh ch\u1ecb x\u1eed l\u00fd t\u00ecnh hu\u1ed1ng. Kh\u00f4ng ph\u1ea3i khuy\u1ebfn c\u00e1o c\u1ee7a x\u01b0\u1edfng T\u00f3p M\u1ee1 Tri\u1ec1u Kh\u00fac. Anh ch\u1ecb l\u00e0m theo h\u01b0\u1edbng d\u1eabn chu\u1ea9n v\u00e0 \u0111i\u1ec1u ch\u1ec9nh cho ph\u00f9 h\u1ee3p v\u1edbi th\u1ef1c t\u1ebf nh\u00e0 h\u00e0ng c\u1ee7a m\u00ecnh.<\/p>\n\n\n\n<p>5- N\u1ebfu anh ch\u1ecb \u0111\u1ec3 nhi\u1ec7t \u0111\u1ed9 130-150 \u0111\u1ed9 C, anh ch\u1ecb ph\u1ea3i chi\u00ean li\u00ean t\u1ee5c 10-15 ph\u00fat t\u00f3p m\u1edbi b\u1ecb thay \u0111\u1ed5i m\u00e0u s\u1eafc. T\u1ee9c l\u00e0 anh ch\u1ecb b\u1ecb qu\u00ean \u0111ang chi\u00ean T\u00f3p M\u1ee1 Tri\u1ec1u Kh\u00fac t\u1ea7m 10-15 ph\u00fat th\u00ec t\u00f3p m\u1edbi b\u1ecb ch\u00e1y. C\u00f2n \u1edf m\u1ee9c nhi\u1ec7t 160-180 \u0111\u1ed9 anh ch\u1ecb ph\u1ea3i t\u1eadp trung \u0111\u1ec3 \u00fd b\u1ecdt kh\u00ed \u0111\u1ec3 t\u00f3p kh\u00f4ng b\u1ecb ch\u00e1y.<\/p>\n\n\n\n<p><\/p>\n\n\n\n<p>7- C\u00e1ch b\u00e0y \u0111\u0129a<\/p>\n\n\n\n<p><\/p>\n\n\n\n<figure class=\"wp-block-image size-large\"><img loading=\"lazy\" decoding=\"async\" width=\"1024\" height=\"1024\" src=\"https:\/\/topmotrieukhuc.vn\/tmtk\/wp-content\/uploads\/2025\/03\/IMG_2805-1024x1024.jpeg\" alt=\"\" class=\"wp-image-490\" srcset=\"https:\/\/topmotrieukhuc.vn\/tmtk\/wp-content\/uploads\/2025\/03\/IMG_2805-1024x1024.jpeg 1024w, https:\/\/topmotrieukhuc.vn\/tmtk\/wp-content\/uploads\/2025\/03\/IMG_2805-300x300.jpeg 300w, https:\/\/topmotrieukhuc.vn\/tmtk\/wp-content\/uploads\/2025\/03\/IMG_2805-150x150.jpeg 150w, https:\/\/topmotrieukhuc.vn\/tmtk\/wp-content\/uploads\/2025\/03\/IMG_2805-768x768.jpeg 768w, https:\/\/topmotrieukhuc.vn\/tmtk\/wp-content\/uploads\/2025\/03\/IMG_2805.jpeg 1104w\" sizes=\"auto, (max-width: 1024px) 100vw, 1024px\" \/><\/figure>\n\n\n\n<ul class=\"wp-block-list\">\n<li>Khi nh\u1eadp 3-5kg v\u1ec1 qu\u00e1n th\u00ec c\u1ea5t t\u1ee7 \u0111\u00f4ng, h\u00e0ng ng\u00e0y ch\u1ec9 \u0111\u1ec3 l\u01b0\u1ee3ng t\u00f3p s\u1ebd b\u00e1n v\u00e0o t\u1ee7 m\u00e1t \u0111\u1ec3 ti\u1ec7n b\u00e1n.<\/li>\n\n\n\n<li>M\u1ed7i kg chia th\u00e0nh 6-7 \u0111\u0129a \u0111\u1ec1u nhau, b\u1ecf v\u00e0o t\u00fai b\u00f3ng \u0111\u1ec3 t\u1ee7 m\u00e1t. Chia \u0111\u0129a tr\u01b0\u1edbc th\u00ec s\u1ebd gi\u00fap c\u00e1c \u0111\u0129a gi\u1ed1ng nhau, c\u00f3 c\u1ea3 mi\u1ebfng to v\u00e0 mi\u1ebfng nh\u1ecf. V\u00ec t\u00f3p to th\u01b0\u1eddng \u1edf tr\u00ean n\u00ean n\u1ebfu kh\u00f4ng chia th\u00ec \u0111\u0129a cu\u1ed1i s\u1ebd to\u00e0n t\u00f3p nh\u1ecf kh\u00e1ch s\u1ebd \u00fd ki\u1ebfn.<\/li>\n\n\n\n<li>Khi kh\u00e1ch g\u1ecdi th\u00ec \u0111em t\u00fai b\u00f3ng (\u0111\u0129a) ra chao l\u1ea1i ng\u1eadp m\u1ee1 v\u1edbt ra khi b\u1ecdt gi\u1ea3m d\u1ea7n r\u1ed3i b\u00e0y \u0111\u0129a.<\/li>\n\n\n\n<li>Trong tr\u01b0\u1eddng h\u1ee3p qu\u00e1n qu\u00e1 \u0111\u00f4ng th\u00ec c\u00f3 th\u1ec3 chi\u00ean s\u1eb5n 3-5 \u0111\u0129a v\u00e0o \u0111\u1ea7u bu\u1ed5i b\u00e1n v\u00e0 \u0111\u1ec3 s\u1eb5n \u1edf t\u1ee7 &#8211; ch\u1ed7 m\u00e1t l\u00e0 \u0111\u01b0\u1ee3c. Kh\u00e1ch g\u1ecdi th\u00ec mang ra m\u00e0 kh\u00f4ng c\u1ea7n chi\u00ean l\u1ea1i.<\/li>\n\n\n\n<li>Do 1 \u0111\u0129a ch\u1ec9 t\u1ea7m 6-8 mi\u1ebfng t\u00f3p to n\u00ean ch\u1ecdn \u0111\u0129a v\u1eeba ph\u1ea3i b\u00e0y 1\/2 \u0111\u0129a l\u00e0 t\u00f3p, 1\/2 \u0111\u0129a l\u00e0 d\u01b0a \u0111\u1ec3 \u0111\u0129a t\u00f3p tr\u00f4ng \u0111\u1ea7y \u0111\u1eb7n.<\/li>\n\n\n\n<li>B\u1ec1 m\u1eb7t t\u00f3p sau khi chao ph\u1ea3i kh\u00f4 d\u00e1o (n\u1ebfu c\u1ea7m tay \u0103n th\u00ec c\u0169ng kh\u00f4ng b\u1ecb \u01b0\u1edbt tay).<\/li>\n\n\n\n<li>Nhi\u1ec7t chao l\u1ea1i d\u01b0\u1edbi 160 \u0111\u1ed9 \u0111\u1ec3 c\u00f2n trao l\u1ea1i \u0111\u01b0\u1ee3c l\u1ea7n 2-3<\/li>\n<\/ul>\n\n\n\n<figure class=\"wp-block-gallery has-nested-images columns-default is-cropped wp-block-gallery-1 is-layout-flex wp-block-gallery-is-layout-flex\">\n<figure class=\"wp-block-image size-full\"><img loading=\"lazy\" decoding=\"async\" width=\"960\" height=\"1280\" data-id=\"527\" src=\"https:\/\/topmotrieukhuc.vn\/tmtk\/wp-content\/uploads\/2025\/09\/IMG_2598.jpeg\" alt=\"\" class=\"wp-image-527\" srcset=\"https:\/\/topmotrieukhuc.vn\/tmtk\/wp-content\/uploads\/2025\/09\/IMG_2598.jpeg 960w, https:\/\/topmotrieukhuc.vn\/tmtk\/wp-content\/uploads\/2025\/09\/IMG_2598-225x300.jpeg 225w, https:\/\/topmotrieukhuc.vn\/tmtk\/wp-content\/uploads\/2025\/09\/IMG_2598-768x1024.jpeg 768w\" sizes=\"auto, (max-width: 960px) 100vw, 960px\" \/><\/figure>\n<\/figure>\n\n\n\n<p>6- L\u00f2 Vi S\u00f3ng, b\u1ebfp chi\u00ean kh\u00f4ng d\u1ea7u kh\u00f4ng c\u00f3 c\u01a1 ch\u1ebf m\u1ee1 n\u00f3ng \u0111\u1ea9y m\u1ee1 l\u1ea1nh, m\u00e0 l\u00e0 c\u01a1 ch\u1ebf nhi\u1ec7t \u00e9p m\u1ee1 n\u00f3ng b\u00ean trong ch\u1ea3y ra n\u00ean mi\u1ebfng t\u00f3p ch\u1ec9 kh\u00f4 \u0111i, kh\u00f4ng x\u1ed1p, gi\u00f2n, kh\u00f4 d\u00e1o.<br>Anh ch\u1ecb h\u00ecnh dung mi\u1ebfng t\u00f3p nh\u01b0 mi\u1ebfng ph\u1ed3ng t\u00f4m. Ph\u1ed3ng t\u00f4m ph\u1ea3i chao b\u1eb1ng d\u1ea7u m\u1ee1 m\u1edbi n\u1edf to ra \u0111\u01b0\u1ee3c. C\u00f2n d\u00f9ng l\u00f2 vi s\u00f3ng v\u00e0 n\u1ed3i chi\u00ean kh\u00f4ng d\u1ea7u th\u00ec ph\u1ed3ng t\u00f4m s\u1ebd ch\u1ec9 n\u00f3ng l\u00ean.<br>N\u00ean nh\u00e0 h\u00e0ng ch\u1ebf bi\u1ebfn t\u00f3p m\u1ee1 tri\u1ec1u kh\u00fac th\u00ec c\u1ea7n chao l\u1ea1i ng\u1eadp m\u1ee1 v\u1edbt ra khi b\u1ecdt gi\u1ea3m d\u1ea7n.<\/p>\n\n\n\n<p>Ghi ch\u00fa: Trong tr\u01b0\u1eddng h\u1ee3p kh\u00f4ng s\u1eb5n ch\u1ea3o m\u1ee1 \u0111\u1ec3 chao ng\u1eadp m\u1ee1, anh ch\u1ecb c\u00f3 th\u1ec3 r\u00e1n nhanh nh\u01b0 r\u00e1n ch\u1ea3 nem. Trong tr\u01b0\u1eddng h\u1ee3p ch\u1ec9 c\u00f3 l\u00f2 vi s\u00f3ng, n\u1ed3i chi\u00ean kh\u00f4ng d\u1ea7u th\u00ec anh ch\u1ecb cho t\u00f3p v\u00e0o l\u00f2 ho\u1eb7c b\u1ebfp \u1edf nhi\u1ec7t \u0111\u1ed9 cao \u0111\u1ec3 l\u00e0m n\u00f3ng t\u00f3p v\u00e0 cho ra ngo\u00e0i nhanh. C\u00e1ch n\u00e0y kh\u00f4ng ph\u1ea3i c\u00e1ch h\u01b0\u1edbng d\u1eabn ch\u00ednh qui n\u00ean anh ch\u1ecb \u0111\u1ec3 \u00fd sao cho \u0111\u1ea1t ch\u1ea5t l\u01b0\u1ee3ng.<\/p>\n\n\n\n<p>8- Gi\u00e1 b\u00e1n<\/p>\n\n\n\n<ul class=\"wp-block-list\">\n<li>Do T\u00f3p M\u1ee1 Tri\u1ec1u Kh\u00fac r\u1ea5t hao th\u1ecbt t\u01b0\u01a1i, n\u00ean 1 \u0111\u0129a t\u00f3p th\u01b0\u1eddng b\u00e0y 1,5 l\u1ea1ng \u0111\u1ebfn 1,7 l\u1ea1ng t\u00f3p t\u01b0\u01a1ng \u0111\u01b0\u01a1ng 8 l\u1ea1ng th\u1ecbt m\u00e1 l\u1ee3n t\u01b0\u01a1i l\u1ecdc b\u00ec. \u0110\u1ec3 l\u1ecdc \u0111\u01b0\u1ee3c t\u00f3p to nh\u01b0 qu\u00e1n bia x\u01b0\u1edfng c\u1ea7n t\u1edbi 1kg th\u1ecbt t\u01b0\u01a1i.<\/li>\n\n\n\n<li>V\u1edbi l\u01b0\u1ee3ng th\u1ecbt m\u00e1 l\u1ee3n t\u01b0\u01a1i l\u1ecdc b\u00ec nguy\u00ean li\u1ec7u nh\u01b0 v\u1eady th\u00eam ch\u1ebf bi\u1ebfn c\u1ea7u k\u1ef3, nh\u00e2n vi\u00ean ph\u1ee5c v\u1ee5, m\u1eb7t b\u1eb1ng&#8230; n\u00ean th\u01b0\u1eddng b\u00e1n ra t\u1eeb 120k\/\u0111\u0129a k\u00e8m d\u01b0a v\u00e0 n\u01b0\u1edbc m\u1eafm t\u1ecfi \u1edbt. Qu\u00e1n trung t\u00e2m s\u1ebd b\u00e1n 150-180k\/\u0111\u0129a v\u00ec m\u1ea5t nhi\u1ec1u chi ph\u00ed h\u01a1n.<\/li>\n\n\n\n<li>\u0110\u1ec3 t\u0103ng c\u1ea3m gi\u00e1c nhi\u1ec1u anh ch\u1ecb c\u00f3 th\u1ec3 c\u1eaft mi\u1ebfng t\u00f3p th\u00e0nh 2-3 ph\u1ea7n r\u1ed3i x\u1ebfp theo h\u00ecnh mi\u1ebfng t\u00f3p nguy\u00ean (\u0111\u1ec3 \u00fd b\u00e0y th\u00eam d\u01b0a c\u00f9ng t\u00f3p \u0111\u1ec3 \u0111\u0129a t\u00f3p nh\u00ecn \u0111\u1ea7y \u0111\u1eb7n h\u01a1n)<\/li>\n<\/ul>\n\n\n\n<p>L\u01b0u \u00fd: C\u00f3 m\u1ed9t s\u1ed1 anh ch\u1ecb nh\u00e0 h\u00e0ng mong mu\u1ed1n b\u00e1n r\u1ebb h\u01a1n v\u00e0 b\u00e0y nhi\u1ec1u t\u00f3p h\u01a1n cho 1 \u0111\u0129a nh\u01b0ng \u0111i\u1ec1u n\u00e0y l\u00e0 r\u1ea5t kh\u00f3. X\u01b0\u1edfng \u0111\u1ed5 s\u1ec9 tr\u1eeb chi ph\u00ed \u0111i ch\u1ec9 c\u00f2n 12-15k\/kg, b\u00e0y 6-7 \u0111\u0129a t\u1ee9c x\u01b0\u1edfng ch\u1ec9 \u0111\u01b0\u1ee3c 2k\/\u0111\u0129a t\u00f3p. N\u00ean d\u00f9 anh ch\u1ecb c\u00f3 mu\u1ed1n t\u1ef1 s\u1ea3n xu\u1ea5t \u0111\u1ec3 gi\u1ea3m 2k\/\u0111\u0129a n\u00e0y th\u00ec ch\u1ec9 c\u1ea7n t\u0103ng gi\u00e1 t\u1eeb 1-9k \u0111\u0129a t\u00f3p s\u1ebd \u0111\u1ee1 v\u1ea5t v\u1ea3. \u0110ang \u0111\u1ec3 gi\u00e1 120k th\u00ec \u0111\u1ec3 128k\/\u0111\u0129a. \u0110ang \u0111\u1ec3 130k th\u00ec \u0111\u1ec3 138k\/\u0111\u0129a.<\/p>\n\n\n\n<p><\/p>\n\n\n\n<figure class=\"wp-block-image aligncenter size-large\"><img loading=\"lazy\" decoding=\"async\" width=\"1024\" height=\"1024\" src=\"https:\/\/topmotrieukhuc.vn\/tmtk\/wp-content\/uploads\/2025\/03\/IMG_2453-1-1024x1024.jpeg\" alt=\"\" class=\"wp-image-486\" srcset=\"https:\/\/topmotrieukhuc.vn\/tmtk\/wp-content\/uploads\/2025\/03\/IMG_2453-1-1024x1024.jpeg 1024w, https:\/\/topmotrieukhuc.vn\/tmtk\/wp-content\/uploads\/2025\/03\/IMG_2453-1-300x300.jpeg 300w, https:\/\/topmotrieukhuc.vn\/tmtk\/wp-content\/uploads\/2025\/03\/IMG_2453-1-150x150.jpeg 150w, https:\/\/topmotrieukhuc.vn\/tmtk\/wp-content\/uploads\/2025\/03\/IMG_2453-1-768x768.jpeg 768w, https:\/\/topmotrieukhuc.vn\/tmtk\/wp-content\/uploads\/2025\/03\/IMG_2453-1.jpeg 1080w\" sizes=\"auto, (max-width: 1024px) 100vw, 1024px\" \/><\/figure>\n\n\n\n<p>9- V\u1edbi c\u00e1c anh ch\u1ecb kh\u00e1ch h\u00e0ng mua v\u1ec1 gia \u0111\u00ecnh \u0103n. N\u1ebfu mu\u1ed1n th\u01b0\u1edfng th\u1ee9c T\u00f3p M\u1ee1 Tri\u1ec1u Kh\u00fac ngon nh\u1ea5t th\u00ec chi\u00ean l\u1ea1i t\u00f3p m\u1ee1 theo h\u01b0\u1edbng d\u1eabn tr\u00ean nh\u01b0ng d\u00f9ng ch\u1ea3o nh\u1ecf s\u00e2u l\u00f2ng cho \u0111\u1ee1 t\u1ed1n d\u1ea7u m\u1ee1. N\u1ebfu kh\u00f4ng c\u00f3 nhi\u1ec1u d\u1ea7u m\u1ee1 th\u00ec anh ch\u1ecb cho \u00edt nh\u01b0 r\u00e1n nem ch\u1ea3 l\u00e0 \u0111\u01b0\u1ee3c. N\u1ebfu kh\u00f4ng c\u00f3 ch\u1ea3o m\u1ee1 th\u00ec anh ch\u1ecb c\u00f3 th\u1ec3 d\u00f9ng l\u00f2 vi s\u00f3ng, n\u1ed3i chi\u00ean kh\u00f4ng d\u1ea7u hay b\u1ea5t c\u1ee9 th\u1ee9 g\u00ec c\u00f3 th\u1ec3 l\u00e0m n\u00f3ng t\u00f3p l\u00ean \u0111\u1ec3 d\u00f9ng (C\u00e1ch n\u00e0y s\u1ebd kh\u00f4ng ngon nh\u01b0 chao ng\u1eadp d\u1ea7u m\u1ee1)<\/p>\n\n\n\n<p>10- V\u1edbi anh ch\u1ecb l\u00e0 Qu\u00e1n b\u00fan t\u00f3p m\u1ee1 th\u00ec \u0111\u1ea7u ng\u00e0y anh ch\u1ecb chao l\u1ea1i t\u00f3p ng\u1eadp d\u1ea7u m\u1ee1, v\u1edbt ra khay, h\u1ed9p d\u00f9ng trong ng\u00e0y. Do t\u00f3p b\u00fan m\u1ecfng nh\u1ecf, gi\u00f2n n\u00ean anh ch\u1ecb d\u00f9ng c\u00e1ch 1-2. Hi\u1ec7n nay, x\u01b0\u1edfng c\u00f3 s\u1ea3n xu\u1ea5t lo\u1ea1i t\u00f3p si\u00eau m\u1ecfng, nh\u1ecf, 1kg l\u00e0m \u0111\u01b0\u1ee3c 70 b\u00e1t b\u00fan. M\u1ed7i b\u00e1t 3-4 mi\u1ebfng t\u00f3p.<\/p>\n\n\n\n<p>Ch\u00fac anh ch\u1ecb th\u1ef1c hi\u1ec7n th\u00e0nh c\u00f4ng!<\/p>\n\n\n\n<p>L\u01b0u l\u1ea1i v\u00e0 chia s\u1ebb \u0111\u1ec3 s\u1eed d\u1ee5ng khi c\u1ea7n thi\u1ebft!<\/p>\n\n\n\n<p>\u0110\u1ecba ch\u1ec9 x\u01b0\u1edfng s\u1ea3n xu\u1ea5t:<br>S\u1ed1 41, Ng\u00f5 215 Tri\u1ec1u Kh\u00fac, T\u00e2n Tri\u1ec1u, Thanh Tr\u00ec, H\u00e0 N\u1ed9i<br>Hotline: 0949.328.886<br>Website: TopMoTrieuKhuc.vn<br>Google map:<br>https:\/\/maps.app.goo.gl\/SF2PhcZZ2uQ6iGLNA?g_st=iz<\/p>\n\n\n\n<h6 class=\"wp-block-heading\">#kienthuc #topmoTrieuKhuc<\/h6>\n","protected":false},"excerpt":{"rendered":"<p>M\u1ed9t s\u1ed1 anh ch\u1ecb nh\u00e0 h\u00e0ng \u0111ang ch\u01b0a bi\u1ebft ch\u1ebf bi\u1ebfn T\u00f3p M\u1ee1 Tri\u1ec1u Kh\u00fac \u0111\u00fang c\u00e1ch. T\u00f3p c\u00f3 th\u1ec3 b\u1ecb kh\u00f4, c\u1ee9ng, \u0111en, ch\u00e1y ho\u1eb7c \u00f5ng m\u1ee1 \u1ea3nh h\u01b0\u1edfng t\u1edbi vi\u1ec7c th\u01b0\u1edfng th\u1ee9c c\u1ee7a kh\u00e1ch. Sau \u0111\u00e2y TopMoTrieuKhuc.vn xin vi\u1ebft h\u01b0\u1edbng d\u1eabn anh ch\u1ecb \u0111\u1ea7y \u0111\u1ee7 c\u00e1ch th\u1ee9c ch\u1ebf bi\u1ebfn, b\u00e0i h\u01a1i d\u00e0i anh [&hellip;]<\/p>\n","protected":false},"author":1,"featured_media":0,"parent":0,"menu_order":0,"comment_status":"closed","ping_status":"closed","template":"","meta":{"footnotes":""},"class_list":["post-509","page","type-page","status-publish","hentry"],"_links":{"self":[{"href":"https:\/\/topmotrieukhuc.vn\/tmtk\/index.php\/wp-json\/wp\/v2\/pages\/509","targetHints":{"allow":["GET"]}}],"collection":[{"href":"https:\/\/topmotrieukhuc.vn\/tmtk\/index.php\/wp-json\/wp\/v2\/pages"}],"about":[{"href":"https:\/\/topmotrieukhuc.vn\/tmtk\/index.php\/wp-json\/wp\/v2\/types\/page"}],"author":[{"embeddable":true,"href":"https:\/\/topmotrieukhuc.vn\/tmtk\/index.php\/wp-json\/wp\/v2\/users\/1"}],"replies":[{"embeddable":true,"href":"https:\/\/topmotrieukhuc.vn\/tmtk\/index.php\/wp-json\/wp\/v2\/comments?post=509"}],"version-history":[{"count":21,"href":"https:\/\/topmotrieukhuc.vn\/tmtk\/index.php\/wp-json\/wp\/v2\/pages\/509\/revisions"}],"predecessor-version":[{"id":543,"href":"https:\/\/topmotrieukhuc.vn\/tmtk\/index.php\/wp-json\/wp\/v2\/pages\/509\/revisions\/543"}],"wp:attachment":[{"href":"https:\/\/topmotrieukhuc.vn\/tmtk\/index.php\/wp-json\/wp\/v2\/media?parent=509"}],"curies":[{"name":"wp","href":"https:\/\/api.w.org\/{rel}","templated":true}]}}