{"id":326,"date":"2024-12-16T05:09:54","date_gmt":"2024-12-16T05:09:54","guid":{"rendered":"https:\/\/topmotrieukhuc.vn\/tmtk\/?page_id=326"},"modified":"2025-09-24T01:30:44","modified_gmt":"2025-09-24T01:30:44","slug":"danh-sach-dai-ly-chinh-hang","status":"publish","type":"page","link":"https:\/\/topmotrieukhuc.vn\/tmtk\/index.php\/danh-sach-dai-ly-chinh-hang\/","title":{"rendered":"DANH S\u00c1CH \u0110\u1ea0I L\u00dd CH\u00cdNH H\u00c3NG (C\u1eacP NH\u1eacT)"},"content":{"rendered":"\n<figure class=\"wp-block-embed aligncenter is-type-video is-provider-youtube wp-block-embed-youtube wp-embed-aspect-16-9 wp-has-aspect-ratio\"><div class=\"wp-block-embed__wrapper\">\n<iframe loading=\"lazy\" title=\"L\u00e0m \u0103n m\u1ed9t \u0111\u1eddi kh\u00f4ng b\u1eb1ng kinh doanh \u0111\u00fang th\u1eddi - T\u00f3p M\u1ee1 Tri\u1ec1u Kh\u00fac #kinhdoanh #tuyensitoanquoc\" width=\"500\" height=\"281\" src=\"https:\/\/www.youtube.com\/embed\/jTef57lZJLg?feature=oembed\" frameborder=\"0\" allow=\"accelerometer; autoplay; clipboard-write; encrypted-media; gyroscope; picture-in-picture; web-share\" referrerpolicy=\"strict-origin-when-cross-origin\" allowfullscreen><\/iframe>\n<\/div><\/figure>\n\n\n\n<figure class=\"wp-block-embed is-type-video is-provider-youtube wp-block-embed-youtube wp-embed-aspect-16-9 wp-has-aspect-ratio\"><div class=\"wp-block-embed__wrapper\">\n<iframe loading=\"lazy\" title=\"T\u00f3p M\u1ee1 Tri\u1ec1u Kh\u00fac - M\u00f3n Ngon C\u1ee7a M\u1ecdi Nh\u00e0 - \u0110\u1eb7c S\u1ea3n N\u1ed5i Ti\u1ebfng H\u00e0 N\u1ed9i#topmotrieukhuc #m\u00f3nngon #topmo\" width=\"500\" height=\"281\" src=\"https:\/\/www.youtube.com\/embed\/wryQpEkiuN4?feature=oembed\" frameborder=\"0\" allow=\"accelerometer; autoplay; clipboard-write; encrypted-media; gyroscope; picture-in-picture; web-share\" referrerpolicy=\"strict-origin-when-cross-origin\" allowfullscreen><\/iframe>\n<\/div><\/figure>\n\n\n\n<figure class=\"wp-block-embed is-type-video is-provider-youtube wp-block-embed-youtube wp-embed-aspect-16-9 wp-has-aspect-ratio\"><div class=\"wp-block-embed__wrapper\">\n<iframe loading=\"lazy\" title=\"H\u01b0\u1edbng D\u1eabn Chi\u00ean R\u00e1n l\u1ea1i T\u00f3p M\u1ee1 Tri\u1ec1u Kh\u00fac \u0110\u00fang - Chu\u1ea9n - Gi\u00f2n - Ngon - Nh\u01b0 M\u1edbi #amthuc #c\u00f4ngth\u1ee9c\" width=\"500\" height=\"281\" src=\"https:\/\/www.youtube.com\/embed\/ligbC0ERet4?feature=oembed\" frameborder=\"0\" allow=\"accelerometer; autoplay; clipboard-write; encrypted-media; gyroscope; picture-in-picture; web-share\" referrerpolicy=\"strict-origin-when-cross-origin\" allowfullscreen><\/iframe>\n<\/div><\/figure>\n\n\n\n<p>1- Si\u00eau Th\u1ecb Anh \u0110\u1ee9c Mart &#8211; <\/p>\n\n\n\n<p>\u0110\u1ecba ch\u1ec9: T\u1ea7ng 1 t\u00f2a West 2 &#8211; Vinhomes West Point, \u0110\u1ed7 \u0110\u1ee9c D\u1ee5c, P. M\u1ec5 Tr\u00ec, Q. Nam T\u1eeb Li\u00eam, H\u00e0 N\u1ed9i <\/p>\n\n\n\n<p>2- Si\u00eau Th\u1ecb Chang Minimart. <\/p>\n\n\n\n<p>\u0110\u1ecba ch\u1ec9: S3 Vinhome skylake, \u0110. Ph\u1ea1m H\u00f9ng, M\u1ef9 \u0110\u00ecnh, Nam T\u1eeb Li\u00eam, H\u00e0 N\u1ed9i, Vietnam<\/p>\n\n\n\n<p>B\u1ea3n \u0111\u1ed3: <a href=\"https:\/\/maps.app.goo.gl\/Uy4ZnaWXV9t7p5G56\">Google Map<\/a><\/p>\n\n\n\n<p>3- Si\u00eau Th\u1ecb Chang Mart Matrix One<\/p>\n\n\n\n<p>\u0110\u1ecba ch\u1ec9: 1 \u0110.L\u00ea Quang \u0110\u1ea1o, M\u1ec5 Tr\u00ec, Nam T\u1eeb Li\u00eam, H\u00e0 N\u1ed9i, Vietnam<\/p>\n\n\n\n<p>B\u1ea3n \u0111\u1ed3: <a href=\"https:\/\/maps.app.goo.gl\/fnAaYT1x5CgcrUJv8\">Google Map<\/a><\/p>\n\n\n\n<p>4- C\u00f4ng ty c\u1ed5 ph\u1ea7n kinh doanh ch\u1ebf bi\u1ebfn n\u00f4ng s\u1ea3n B\u1ea3o Minh<\/p>\n\n\n\n<p>\u0110\u1ecba ch\u1ec9: 123A \u0110\u1ecbnh C\u00f4ng H\u1ea1, \u0110\u1ecbnh C\u00f4ng, Ho\u00e0ng Mai, H\u00e0 N\u1ed9i<\/p>\n\n\n\n<p>B\u1ea3n \u0111\u1ed3: <a href=\"https:\/\/maps.app.goo.gl\/o1eQAoWn3jY83eDA8\">Google Map<\/a><\/p>\n\n\n\n<p>5- Si\u00eau th\u1ecb Anh \u0110\u1ee9c Mart to\u00e0 nh\u00e0 FLC 36 Ph\u1ea1m H\u00f9ng, Nam T\u1eeb Li\u00eam, H\u00e0 N\u1ed9i<\/p>\n\n\n\n<p>6- Si\u00eau th\u1ecb DkMinimart toa A1 Vinhmegadeni a H\u00e0m Nghi, H\u00e0 N\u1ed9i<\/p>\n\n\n\n<p>7- Si\u00eau th\u1ecb DkMart toa S Mipec 122 Xu\u00e2n Thu\u1ef7, C\u1ea7u Gi\u1ea5y, H\u00e0 N\u1ed9i<\/p>\n\n\n\n<p>8- Si\u00eau th\u1ecb DkMinimart toa A1 Vinhmegadeni a H\u00e0m Nghi<\/p>\n\n\n\n<p>9- Nh\u00e0 Ph\u00e2n Ph\u1ed1i Anh Huy &#8211; V\u0169ng T\u00e0u<\/p>\n\n\n\n<p>\u0110\u1ecba ch\u1ec9: 167 Th\u1ed1ng Nh\u1ea5t M\u1edbi, Ph\u01b0\u1eddng 3, Th\u00e0nh ph\u1ed1 V\u0169ng T\u00e0u, T\u1ec9nh B\u00e0 R\u1ecba &#8211; V\u0169ng T\u00e0u<\/p>\n\n\n\n<p>10- Si\u00eau Th\u1ecb Mai Linh<\/p>\n\n\n\n<p>\u0110\u1ecba ch\u1ec9: To\u00e0 nh\u00e0 t608 ng\u00f5 234 Ho\u00e0ng Qu\u1ed1c Vi\u1ec7t, H\u00e0 N\u1ed9i<\/p>\n\n\n\n<p>11- \u0110\u1ea1i L\u00fd Th\u00e0nh Thoa &#8211; S\u1ea7m S\u01a1n<\/p>\n\n\n\n<p>\u0110\u1ecba ch\u1ec9: Nh\u00e0 h\u00e0ng Th\u00e0nh Thoa, ph\u00eda \u0111\u00f4ng ch\u1ee3 B\u1eafc S\u01a1n, \u0111\u01b0\u1eddng Hu\u1ef3nh Th\u00fac Kh\u00e1ng, t\u1ed5 d\u00e2n ph\u1ed1 Kh\u00e1nh S\u01a1n, ph\u01b0\u1eddng B\u1eafc S\u01a1n, th\u00e0nh ph\u1ed1 S\u1ea7m S\u01a1n, t\u1ec9nh Thanh H\u00f3a<\/p>\n\n\n\n<p>12- Si\u00eau Th\u1ecb H\u1ea3i \u0110\u0103ng Mart VOV M\u1ec5 Tr\u00ec<\/p>\n\n\n\n<p>\u0110\u1ecba ch\u1ec9: T\u1ea7ng 1, CT 2A, Chung c\u01b0 VOV M\u1ec5 Tr\u00ec, Nam T\u1eeb Li\u00eam, H\u00e0 N\u1ed9i<\/p>\n\n\n\n<p>13- Th\u1ef1c Ph\u1ea9m S\u1ea1ch H\u00e0 N\u1ed9i Vi\u1ec7t Th\u1eafng HCM<\/p>\n\n\n\n<p>\u0110\u1ecba ch\u1ec9: S\u1ed1 193, Nguy\u1ec5n \u0110\u00ecnh Chi\u1ec3u, Ph\u01b0\u1eddng 05, Qu\u1eadn 3, Th\u00e0nh ph\u1ed1 H\u1ed3 Ch\u00ed Minh<\/p>\n\n\n\n<p>14- Si\u00eau Th\u1ecb Gmart 82 Nguy\u1ec5n Tu\u00e2n<\/p>\n\n\n\n<p>\u0110\u1ecba ch\u1ec9: S\u1ea3nh B, Chung C\u01b0 Th\u1ed1ng Nh\u1ea5t, 82 Nguy\u1ec5n Tu\u00e2n, Ph\u01b0\u1eddng Thanh Xu\u00e2n B\u1eafc, Qu\u1eadn Thanh Xu\u00e2n, Th\u00e0nh ph\u1ed1 H\u00e0 N\u1ed9i<\/p>\n\n\n\n<p>15- Mini Mart Tu\u1ea5n Ph\u01b0\u01a1ng &#8211; Kim Giang<\/p>\n\n\n\n<p>\u0110\u1ecba ch\u1ec9: 103 ng\u00f5 634 Kim Giang, X\u00e3 Thanh Li\u1ec7t, Huy\u1ec7n Thanh Tr\u00ec, Th\u00e0nh ph\u1ed1 H\u00e0 N\u1ed9i<\/p>\n\n\n\n<p>16- \u0110\u1ea1i l\u00fd GeMek An Kh\u00e1nh<\/p>\n\n\n\n<p>\u0110\u1ecba ch\u1ec9: \u0110\u1ed1i di\u1ec7n s\u1ea3nh B1 Chung C\u01b0 Gemek Tower, x\u00e3 An Kh\u00e1nh, Ho\u00e0i \u0110\u1ee9c, H\u00e0 N\u1ed9i<\/p>\n\n\n\n<p><a href=\"https:\/\/maps.app.goo.gl\/ADBYpevUBYBMsnU98?g_st=com.google.maps.preview.copy\">Google Map<\/a><\/p>\n\n\n\n<p>17- Si\u00eau Th\u1ecb HT Mart &#8211; Duy T\u00e2n<\/p>\n\n\n\n<p>\u0110\u1ecba ch\u1ec9: HT mart s\u1ea3nh c\u01b0 d\u00e2n to\u00e0 nh\u00e0 Bonanza Dreamland, 23 Duy T\u00e2n, C\u1ea7u Gi\u1ea5y, H\u00e0 N\u1ed9i<\/p>\n\n\n\n<p>18- M\u1ea1nh Tr\u00e2u 68 Ph\u00fac \u0110\u1ed3ng<\/p>\n\n\n\n<p>\u0110\u1ecba ch\u1ec9: 68 Ph\u00fac \u0110\u1ed3ng, Gia L\u00e2m, H\u00e0 N\u1ed9i<\/p>\n\n\n\n<p>19- Kh\u00e1nh R\u00e2u 61 L\u00fd S\u01a1n<\/p>\n\n\n\n<p>\u0110\u1ecba ch\u1ec9: 61 L\u00fd S\u01a1n, Long Bi\u00ean, H\u00e0 N\u1ed9i<\/p>\n\n\n\n<p>20- Hi\u1ebfu Nguy\u1ec5n Ho\u00e0 B\u00ecnh<\/p>\n\n\n\n<p>\u0110\u1ecba ch\u1ec9: 30 Ng\u00f4 Quy\u1ec1n, Ph\u01b0\u01a1ng L\u00e2m, Ho\u00e0 B\u00ecnh (Ng\u00f5 S\u00e2n V\u1eadn \u0110\u1ed9ng)<\/p>\n\n\n\n<p>21- H\u01b0ng \u00c1nh M\u01b0\u1eddng Kh\u01b0\u01a1ng<\/p>\n\n\n\n<p>\u0110\u1ecba ch\u1ec9: \u0110\u01b0\u1eddng B\u1edd H\u1ed3, M\u01b0\u1eddng Kh\u01b0\u01a1ng, L\u00e0o Cai<\/p>\n\n\n\n<p>22- Si\u00eau Th\u1ecb T &#8211; Mini Mart Vinhome Smart City<\/p>\n\n\n\n<p>\u0110\u1ecba ch\u1ec9: To\u00e0 B &#8211; Masteri&nbsp;&nbsp;West Heights<\/p>\n\n\n\n<p>23- M\u00ea N\u01b0\u1edbng Ch\u01a1n Th\u00e0nh B\u00ecnh Ph\u01b0\u1edbc<\/p>\n\n\n\n<p>\u0110\u1ecba ch\u1ec9: Ph\u1ea1m H\u1ed3ng Th\u00e1i, Ch\u01a1n Th\u00e0nh, B\u00ecnh Ph\u01b0\u1edbc<\/p>\n\n\n\n<p>24- Ti\u1ebfn Thu\u00fd \u0110\u1ed3ng V\u0103n<\/p>\n\n\n\n<p>\u0110\u1ecba ch\u1ec9: Ph\u1ed5 C\u1ed5 K\u00e9o D\u00e0i, \u0110\u1ed3ng V\u0103n, H\u00e0 Giang<\/p>\n\n\n\n<p>25- C\u1eeda h\u00e0ng Th\u1ef1c Ph\u1ea9m S\u1ea1ch Tuy\u1ebft Trang<\/p>\n\n\n\n<p>\u0110\u1ecba ch\u1ec9: Kiot 5, CT6A, Ki\u1ebfn H\u01b0ng, H\u00e0 \u0110\u00f4ng (qua c\u1ed5ng ch\u00ednh vi\u1ec7n K T\u00e2n Tri\u1ec1u 200m v\u1ec1 h\u01b0\u1edbng c\u1ea7u B\u01b0\u01a1u), H\u00e0 N\u1ed9i<\/p>\n\n\n\n<p><\/p>\n\n\n\n<p>26- C\u1eeda h\u00e0ng Th\u1ef1c ph\u1ea9m s\u1ea1ch Eco<\/p>\n\n\n\n<p>\u0110\u1ecba ch\u1ec9: TTTM T1 t\u00f2a Eco life 58 T\u1ed1 H\u1eefu, Trung V\u0103n, Nam T\u1eeb Li\u00eam, H\u00e0 N\u1ed9i<\/p>\n\n\n\n<p><\/p>\n\n\n\n<p>27- Family Mart &#8211; VinHome Smart City<\/p>\n\n\n\n<p>\u0110\u1ecba ch\u1ec9: To\u00e0 I4 Imperia Vinhome Smart City, Ph\u01b0\u1eddng T\u00e2y M\u1ed7, Qu\u1eadn Nam T\u1eeb Li\u00eam, Th\u00e0nh ph\u1ed1 H\u00e0 N\u1ed9i<\/p>\n\n\n\n<p>28- Nh\u00e0 H\u00e0ng B\u1edd S\u00f4ng &#8211; Hu\u1ebf<\/p>\n\n\n\n<p>\u0110\u1ecba ch\u1ec9: X\u00f3m 12, \u0110\u1ed9i 8, Th\u00f4n Th\u1ee7 L\u1ec5 3, X\u00e3 Qu\u1ea3ng Ph\u01b0\u1edbc, Huy\u1ec7n Qu\u1ea3ng \u0110i\u1ec1n, Hu\u1ebf<\/p>\n\n\n\n<p>29- L\u1ea9u G\u00e0 L\u00e1 \u00c9 &#8211; B\u00e1ch Khoa<\/p>\n\n\n\n<p>\u0110\u1ecba ch\u1ec9: 112E5 T\u1ea1 Quang B\u1eedu, Ph\u01b0\u1eddng B\u00e1ch Khoa, Qu\u1eadn Hai B\u00e0 Tr\u01b0ng, Th\u00e0nh ph\u1ed1 H\u00e0 N\u1ed9i<\/p>\n\n\n\n<p>30- L\u1ea9u G\u00e0 L\u00e1 \u00c9 &#8211; Duy T\u00e2n<\/p>\n\n\n\n<p>\u0110\u1ecba ch\u1ec9: S\u1ed1 6 Ng\u00f5 36 Duy T\u00e2n, C\u1ea7u Gi\u1ea5y, H\u00e0 N\u1ed9i<\/p>\n\n\n\n<p>31- X\u00ec X\u00e0 X\u00ec X\u1ee5p &#8211; Trung Ho\u00e0<\/p>\n\n\n\n<p>\u0110\u1ecba ch\u1ec9: 17T3 Ho\u00e0ng \u0110\u1ea1o Thu\u00fd, Trung Ho\u00e0, C\u1ea7u Gi\u1ea5y, H\u00e0 N\u1ed9i<\/p>\n\n\n\n<p>32- Lang Biang &#8211; Minh Khai<\/p>\n\n\n\n<p>\u0110\u1ecba ch\u1ec9: 189 Minh Khai, Hai B\u00e0 Tr\u01b0ng, H\u00e0 N\u1ed9i<\/p>\n\n\n\n<p>33- X\u00ec X\u00e0 X\u00ec X\u1ee5p &#8211; Nguy\u1ec5n V\u0103n Tuy\u1ebft<\/p>\n\n\n\n<p>\u0110\u1ecba ch\u1ec9: 166 Nguy\u1ec5n V\u0103n Tuy\u1ebft, \u0110\u1ed1ng \u0110a, H\u00e0 N\u1ed9i<\/p>\n\n\n\n<p>34- Tr\u01b0\u1eddng Chim Th\u1ea1ch Th\u1ea5t<\/p>\n\n\n\n<p>\u0110\u1ecba ch\u1ec9: C\u1ed5ng l\u00e0ng H\u01b0\u01a1ng Ng\u1ea3i, Th\u1ea1ch Th\u1ea5t, H\u00e0 N\u1ed9i<\/p>\n\n\n\n<p>35- Th\u00e1i H\u00e0 &#8211; H\u00e0 N\u1ed9i<\/p>\n\n\n\n<p>\u0110\u1ecba ch\u1ec9: Ki \u1ed1t 12 ch\u1ee3 Th\u00e1i H\u00e0, \u0111\u01b0\u1eddng Tr\u1ea7n Quang Di\u1ec7u, ph\u01b0\u1eddng Trung Li\u1ec7t, \u0110\u1ed1ng \u0110a, H\u00e0 N\u1ed9i<\/p>\n\n\n\n<p>36- Qu\u1ed1c T\u1eed Gi\u00e1m &#8211; H\u00e0 N\u1ed9i<\/p>\n\n\n\n<p>\u0110\u1ecba ch\u1ec9: 11A Ng. Y\u00ean Th\u1ebf, V\u0103n Mi\u1ebfu, \u0110\u1ed1ng \u0110a, HN<\/p>\n\n\n\n<p><\/p>\n\n\n\n<figure class=\"wp-block-image aligncenter size-large\"><img loading=\"lazy\" decoding=\"async\" width=\"724\" height=\"1024\" src=\"https:\/\/topmotrieukhuc.vn\/tmtk\/wp-content\/uploads\/2024\/12\/DAC-SAN-HA-NOI-1-724x1024.png\" alt=\"\" class=\"wp-image-324\" srcset=\"https:\/\/topmotrieukhuc.vn\/tmtk\/wp-content\/uploads\/2024\/12\/DAC-SAN-HA-NOI-1-724x1024.png 724w, https:\/\/topmotrieukhuc.vn\/tmtk\/wp-content\/uploads\/2024\/12\/DAC-SAN-HA-NOI-1-212x300.png 212w, https:\/\/topmotrieukhuc.vn\/tmtk\/wp-content\/uploads\/2024\/12\/DAC-SAN-HA-NOI-1-768x1086.png 768w, https:\/\/topmotrieukhuc.vn\/tmtk\/wp-content\/uploads\/2024\/12\/DAC-SAN-HA-NOI-1-1087x1536.png 1087w, https:\/\/topmotrieukhuc.vn\/tmtk\/wp-content\/uploads\/2024\/12\/DAC-SAN-HA-NOI-1.png 1415w\" sizes=\"auto, (max-width: 724px) 100vw, 724px\" \/><\/figure>\n\n\n\n<figure class=\"wp-block-image aligncenter size-large\"><img loading=\"lazy\" decoding=\"async\" width=\"722\" height=\"1024\" src=\"https:\/\/topmotrieukhuc.vn\/tmtk\/wp-content\/uploads\/2024\/11\/kiemtra-722x1024.jpg\" alt=\"\" class=\"wp-image-203\" srcset=\"https:\/\/topmotrieukhuc.vn\/tmtk\/wp-content\/uploads\/2024\/11\/kiemtra-722x1024.jpg 722w, https:\/\/topmotrieukhuc.vn\/tmtk\/wp-content\/uploads\/2024\/11\/kiemtra-211x300.jpg 211w, https:\/\/topmotrieukhuc.vn\/tmtk\/wp-content\/uploads\/2024\/11\/kiemtra-768x1090.jpg 768w, https:\/\/topmotrieukhuc.vn\/tmtk\/wp-content\/uploads\/2024\/11\/kiemtra.jpg 902w\" sizes=\"auto, (max-width: 722px) 100vw, 722px\" \/><\/figure>\n\n\n\n<figure class=\"wp-block-image aligncenter size-large\"><img loading=\"lazy\" decoding=\"async\" width=\"724\" height=\"1024\" src=\"https:\/\/topmotrieukhuc.vn\/tmtk\/wp-content\/uploads\/2024\/11\/iso-1-724x1024.jpg\" alt=\"\" class=\"wp-image-202\" srcset=\"https:\/\/topmotrieukhuc.vn\/tmtk\/wp-content\/uploads\/2024\/11\/iso-1-724x1024.jpg 724w, https:\/\/topmotrieukhuc.vn\/tmtk\/wp-content\/uploads\/2024\/11\/iso-1-212x300.jpg 212w, https:\/\/topmotrieukhuc.vn\/tmtk\/wp-content\/uploads\/2024\/11\/iso-1-768x1086.jpg 768w, https:\/\/topmotrieukhuc.vn\/tmtk\/wp-content\/uploads\/2024\/11\/iso-1-1086x1536.jpg 1086w, https:\/\/topmotrieukhuc.vn\/tmtk\/wp-content\/uploads\/2024\/11\/iso-1-1448x2048.jpg 1448w, https:\/\/topmotrieukhuc.vn\/tmtk\/wp-content\/uploads\/2024\/11\/iso-1.jpg 1810w\" sizes=\"auto, (max-width: 724px) 100vw, 724px\" \/><\/figure>\n\n\n\n<figure class=\"wp-block-image aligncenter size-large\"><img loading=\"lazy\" decoding=\"async\" width=\"1024\" height=\"341\" src=\"https:\/\/topmotrieukhuc.vn\/tmtk\/wp-content\/uploads\/2024\/12\/HUONG-DAN-CHIEN-LAI-TOP-MO-TRIEU-KHUC-1024x341.png\" alt=\"\" class=\"wp-image-255\" srcset=\"https:\/\/topmotrieukhuc.vn\/tmtk\/wp-content\/uploads\/2024\/12\/HUONG-DAN-CHIEN-LAI-TOP-MO-TRIEU-KHUC-1024x341.png 1024w, https:\/\/topmotrieukhuc.vn\/tmtk\/wp-content\/uploads\/2024\/12\/HUONG-DAN-CHIEN-LAI-TOP-MO-TRIEU-KHUC-300x100.png 300w, https:\/\/topmotrieukhuc.vn\/tmtk\/wp-content\/uploads\/2024\/12\/HUONG-DAN-CHIEN-LAI-TOP-MO-TRIEU-KHUC-768x256.png 768w, https:\/\/topmotrieukhuc.vn\/tmtk\/wp-content\/uploads\/2024\/12\/HUONG-DAN-CHIEN-LAI-TOP-MO-TRIEU-KHUC-1536x512.png 1536w, https:\/\/topmotrieukhuc.vn\/tmtk\/wp-content\/uploads\/2024\/12\/HUONG-DAN-CHIEN-LAI-TOP-MO-TRIEU-KHUC.png 1773w\" sizes=\"auto, (max-width: 1024px) 100vw, 1024px\" \/><\/figure>\n\n\n\n<figure class=\"wp-block-embed is-type-video is-provider-youtube wp-block-embed-youtube wp-embed-aspect-16-9 wp-has-aspect-ratio\"><div class=\"wp-block-embed__wrapper\">\n<iframe loading=\"lazy\" title=\"T\u00f3p M\u1ee1 Tri\u1ec1u Kh\u00fac - M\u00f3n Ngon C\u1ee7a M\u1ecdi Nh\u00e0 - \u0110\u1eb7c S\u1ea3n N\u1ed5i Ti\u1ebfng H\u00e0 N\u1ed9i#topmotrieukhuc #m\u00f3nngon #topmo\" width=\"500\" height=\"281\" src=\"https:\/\/www.youtube.com\/embed\/wryQpEkiuN4?feature=oembed\" frameborder=\"0\" allow=\"accelerometer; autoplay; clipboard-write; encrypted-media; gyroscope; picture-in-picture; web-share\" referrerpolicy=\"strict-origin-when-cross-origin\" allowfullscreen><\/iframe>\n<\/div><\/figure>\n\n\n\n<figure class=\"wp-block-embed aligncenter is-type-video is-provider-youtube wp-block-embed-youtube wp-embed-aspect-16-9 wp-has-aspect-ratio\"><div class=\"wp-block-embed__wrapper\">\n<iframe loading=\"lazy\" title=\"Qui Tr\u00ecnh S\u1ea3n Xu\u1ea5t T\u00f3p M\u1ee1 Tri\u1ec1u Kh\u00fac - \u0110\u1eb7c S\u1ea3n Truy\u1ec1n Th\u1ed1ng Ng\u01b0\u1eddi H\u00e0 N\u1ed9i\" width=\"500\" height=\"281\" src=\"https:\/\/www.youtube.com\/embed\/ibBmCmQ3M2E?feature=oembed\" frameborder=\"0\" allow=\"accelerometer; autoplay; clipboard-write; encrypted-media; gyroscope; picture-in-picture; web-share\" referrerpolicy=\"strict-origin-when-cross-origin\" allowfullscreen><\/iframe>\n<\/div><\/figure>\n\n\n\n<div class=\"wp-block-buttons is-layout-flex wp-block-buttons-is-layout-flex\">\n<div class=\"wp-block-button\"><a class=\"wp-block-button__link has-text-align-center wp-element-button\" href=\"https:\/\/s.shopee.vn\/4q6UMjkXUU\">Mua Qua Shopee<\/a><\/div>\n\n\n\n<div class=\"wp-block-button\"><a class=\"wp-block-button__link has-text-align-center wp-element-button\" href=\"https:\/\/nguonhang.sieu.re\/search?category=a3ba8a5f-0289-470e-bb58-a6eb36cb06ae&amp;isSpecialBlock=true\">Mua Qua Web<\/a><\/div>\n<\/div>\n","protected":false},"excerpt":{"rendered":"<p>1- Si\u00eau Th\u1ecb Anh \u0110\u1ee9c Mart &#8211; \u0110\u1ecba ch\u1ec9: T\u1ea7ng 1 t\u00f2a West 2 &#8211; Vinhomes West Point, \u0110\u1ed7 \u0110\u1ee9c D\u1ee5c, P. M\u1ec5 Tr\u00ec, Q. Nam T\u1eeb Li\u00eam, H\u00e0 N\u1ed9i 2- Si\u00eau Th\u1ecb Chang Minimart. \u0110\u1ecba ch\u1ec9: S3 Vinhome skylake, \u0110. Ph\u1ea1m H\u00f9ng, M\u1ef9 \u0110\u00ecnh, Nam T\u1eeb Li\u00eam, H\u00e0 N\u1ed9i, Vietnam B\u1ea3n \u0111\u1ed3: Google Map [&hellip;]<\/p>\n","protected":false},"author":1,"featured_media":0,"parent":0,"menu_order":0,"comment_status":"closed","ping_status":"closed","template":"","meta":{"footnotes":""},"class_list":["post-326","page","type-page","status-publish","hentry"],"_links":{"self":[{"href":"https:\/\/topmotrieukhuc.vn\/tmtk\/index.php\/wp-json\/wp\/v2\/pages\/326","targetHints":{"allow":["GET"]}}],"collection":[{"href":"https:\/\/topmotrieukhuc.vn\/tmtk\/index.php\/wp-json\/wp\/v2\/pages"}],"about":[{"href":"https:\/\/topmotrieukhuc.vn\/tmtk\/index.php\/wp-json\/wp\/v2\/types\/page"}],"author":[{"embeddable":true,"href":"https:\/\/topmotrieukhuc.vn\/tmtk\/index.php\/wp-json\/wp\/v2\/users\/1"}],"replies":[{"embeddable":true,"href":"https:\/\/topmotrieukhuc.vn\/tmtk\/index.php\/wp-json\/wp\/v2\/comments?post=326"}],"version-history":[{"count":48,"href":"https:\/\/topmotrieukhuc.vn\/tmtk\/index.php\/wp-json\/wp\/v2\/pages\/326\/revisions"}],"predecessor-version":[{"id":546,"href":"https:\/\/topmotrieukhuc.vn\/tmtk\/index.php\/wp-json\/wp\/v2\/pages\/326\/revisions\/546"}],"wp:attachment":[{"href":"https:\/\/topmotrieukhuc.vn\/tmtk\/index.php\/wp-json\/wp\/v2\/media?parent=326"}],"curies":[{"name":"wp","href":"https:\/\/api.w.org\/{rel}","templated":true}]}}