{"id":279,"date":"2024-12-12T18:16:07","date_gmt":"2024-12-12T18:16:07","guid":{"rendered":"https:\/\/topmotrieukhuc.vn\/tmtk\/?page_id=279"},"modified":"2024-12-16T17:52:05","modified_gmt":"2024-12-16T17:52:05","slug":"8938561051037-2","status":"publish","type":"page","link":"https:\/\/topmotrieukhuc.vn\/tmtk\/index.php\/8938561051037-2\/","title":{"rendered":"T\u00f3p M\u1ee1 Tri\u1ec1u Kh\u00fac &#8211; T\u00fai Qu\u00e0 T\u1eb7ng &#8211; 500gr"},"content":{"rendered":"\n<figure class=\"wp-block-image aligncenter size-large\"><img loading=\"lazy\" decoding=\"async\" width=\"1024\" height=\"576\" src=\"https:\/\/topmotrieukhuc.vn\/tmtk\/wp-content\/uploads\/2024\/12\/Top-mo-Trieu-Khuc.zip-3-1024x576.png\" alt=\"\" class=\"wp-image-366\" srcset=\"https:\/\/topmotrieukhuc.vn\/tmtk\/wp-content\/uploads\/2024\/12\/Top-mo-Trieu-Khuc.zip-3-1024x576.png 1024w, https:\/\/topmotrieukhuc.vn\/tmtk\/wp-content\/uploads\/2024\/12\/Top-mo-Trieu-Khuc.zip-3-300x169.png 300w, https:\/\/topmotrieukhuc.vn\/tmtk\/wp-content\/uploads\/2024\/12\/Top-mo-Trieu-Khuc.zip-3-768x432.png 768w, https:\/\/topmotrieukhuc.vn\/tmtk\/wp-content\/uploads\/2024\/12\/Top-mo-Trieu-Khuc.zip-3-1536x864.png 1536w, https:\/\/topmotrieukhuc.vn\/tmtk\/wp-content\/uploads\/2024\/12\/Top-mo-Trieu-Khuc.zip-3.png 1600w\" sizes=\"auto, (max-width: 1024px) 100vw, 1024px\" \/><\/figure>\n\n\n\n<figure class=\"wp-block-image aligncenter size-large\"><img loading=\"lazy\" decoding=\"async\" width=\"1024\" height=\"341\" src=\"https:\/\/topmotrieukhuc.vn\/tmtk\/wp-content\/uploads\/2024\/12\/HUONG-DAN-CHIEN-LAI-TOP-MO-TRIEU-KHUC-1024x341.png\" alt=\"\" class=\"wp-image-255\" srcset=\"https:\/\/topmotrieukhuc.vn\/tmtk\/wp-content\/uploads\/2024\/12\/HUONG-DAN-CHIEN-LAI-TOP-MO-TRIEU-KHUC-1024x341.png 1024w, https:\/\/topmotrieukhuc.vn\/tmtk\/wp-content\/uploads\/2024\/12\/HUONG-DAN-CHIEN-LAI-TOP-MO-TRIEU-KHUC-300x100.png 300w, https:\/\/topmotrieukhuc.vn\/tmtk\/wp-content\/uploads\/2024\/12\/HUONG-DAN-CHIEN-LAI-TOP-MO-TRIEU-KHUC-768x256.png 768w, https:\/\/topmotrieukhuc.vn\/tmtk\/wp-content\/uploads\/2024\/12\/HUONG-DAN-CHIEN-LAI-TOP-MO-TRIEU-KHUC-1536x512.png 1536w, https:\/\/topmotrieukhuc.vn\/tmtk\/wp-content\/uploads\/2024\/12\/HUONG-DAN-CHIEN-LAI-TOP-MO-TRIEU-KHUC.png 1773w\" sizes=\"auto, (max-width: 1024px) 100vw, 1024px\" \/><\/figure>\n\n\n\n<figure class=\"wp-block-image aligncenter size-full\"><img loading=\"lazy\" decoding=\"async\" width=\"764\" height=\"765\" src=\"https:\/\/topmotrieukhuc.vn\/tmtk\/wp-content\/uploads\/2024\/12\/TOP-MO-TRIEU-KHUC.jpg\" alt=\"\" class=\"wp-image-372\" srcset=\"https:\/\/topmotrieukhuc.vn\/tmtk\/wp-content\/uploads\/2024\/12\/TOP-MO-TRIEU-KHUC.jpg 764w, https:\/\/topmotrieukhuc.vn\/tmtk\/wp-content\/uploads\/2024\/12\/TOP-MO-TRIEU-KHUC-300x300.jpg 300w, https:\/\/topmotrieukhuc.vn\/tmtk\/wp-content\/uploads\/2024\/12\/TOP-MO-TRIEU-KHUC-150x150.jpg 150w\" sizes=\"auto, (max-width: 764px) 100vw, 764px\" \/><\/figure>\n\n\n\n<figure class=\"wp-block-image aligncenter size-full\"><img loading=\"lazy\" decoding=\"async\" width=\"764\" height=\"765\" src=\"https:\/\/topmotrieukhuc.vn\/tmtk\/wp-content\/uploads\/2024\/12\/IMG_9611.jpeg\" alt=\"\" class=\"wp-image-370\" srcset=\"https:\/\/topmotrieukhuc.vn\/tmtk\/wp-content\/uploads\/2024\/12\/IMG_9611.jpeg 764w, https:\/\/topmotrieukhuc.vn\/tmtk\/wp-content\/uploads\/2024\/12\/IMG_9611-300x300.jpeg 300w, https:\/\/topmotrieukhuc.vn\/tmtk\/wp-content\/uploads\/2024\/12\/IMG_9611-150x150.jpeg 150w\" sizes=\"auto, (max-width: 764px) 100vw, 764px\" \/><\/figure>\n\n\n\n<figure class=\"wp-block-image aligncenter size-full\"><img loading=\"lazy\" decoding=\"async\" width=\"764\" height=\"765\" src=\"https:\/\/topmotrieukhuc.vn\/tmtk\/wp-content\/uploads\/2024\/12\/TOP-MO-TRIEU-KHUC-1.jpg\" alt=\"\" class=\"wp-image-373\" srcset=\"https:\/\/topmotrieukhuc.vn\/tmtk\/wp-content\/uploads\/2024\/12\/TOP-MO-TRIEU-KHUC-1.jpg 764w, https:\/\/topmotrieukhuc.vn\/tmtk\/wp-content\/uploads\/2024\/12\/TOP-MO-TRIEU-KHUC-1-300x300.jpg 300w, https:\/\/topmotrieukhuc.vn\/tmtk\/wp-content\/uploads\/2024\/12\/TOP-MO-TRIEU-KHUC-1-150x150.jpg 150w\" sizes=\"auto, (max-width: 764px) 100vw, 764px\" \/><\/figure>\n\n\n\n<figure class=\"wp-block-image aligncenter size-large\"><img loading=\"lazy\" decoding=\"async\" width=\"724\" height=\"1024\" src=\"https:\/\/topmotrieukhuc.vn\/tmtk\/wp-content\/uploads\/2024\/12\/odayban-724x1024.jpg\" alt=\"\" class=\"wp-image-243\" srcset=\"https:\/\/topmotrieukhuc.vn\/tmtk\/wp-content\/uploads\/2024\/12\/odayban-724x1024.jpg 724w, https:\/\/topmotrieukhuc.vn\/tmtk\/wp-content\/uploads\/2024\/12\/odayban-212x300.jpg 212w, https:\/\/topmotrieukhuc.vn\/tmtk\/wp-content\/uploads\/2024\/12\/odayban-768x1086.jpg 768w, https:\/\/topmotrieukhuc.vn\/tmtk\/wp-content\/uploads\/2024\/12\/odayban-1087x1536.jpg 1087w, https:\/\/topmotrieukhuc.vn\/tmtk\/wp-content\/uploads\/2024\/12\/odayban.jpg 1415w\" sizes=\"auto, (max-width: 724px) 100vw, 724px\" \/><\/figure>\n\n\n\n<figure class=\"wp-block-image aligncenter size-large\"><img loading=\"lazy\" decoding=\"async\" width=\"722\" height=\"1024\" src=\"https:\/\/topmotrieukhuc.vn\/tmtk\/wp-content\/uploads\/2024\/11\/kiemtra-1-722x1024.jpg\" alt=\"\" class=\"wp-image-204\" srcset=\"https:\/\/topmotrieukhuc.vn\/tmtk\/wp-content\/uploads\/2024\/11\/kiemtra-1-722x1024.jpg 722w, https:\/\/topmotrieukhuc.vn\/tmtk\/wp-content\/uploads\/2024\/11\/kiemtra-1-211x300.jpg 211w, https:\/\/topmotrieukhuc.vn\/tmtk\/wp-content\/uploads\/2024\/11\/kiemtra-1-768x1090.jpg 768w, https:\/\/topmotrieukhuc.vn\/tmtk\/wp-content\/uploads\/2024\/11\/kiemtra-1.jpg 902w\" sizes=\"auto, (max-width: 722px) 100vw, 722px\" \/><\/figure>\n\n\n\n<figure class=\"wp-block-image aligncenter size-large\"><img loading=\"lazy\" decoding=\"async\" width=\"724\" height=\"1024\" src=\"https:\/\/topmotrieukhuc.vn\/tmtk\/wp-content\/uploads\/2024\/11\/iso-1-724x1024.jpg\" alt=\"\" class=\"wp-image-202\" srcset=\"https:\/\/topmotrieukhuc.vn\/tmtk\/wp-content\/uploads\/2024\/11\/iso-1-724x1024.jpg 724w, https:\/\/topmotrieukhuc.vn\/tmtk\/wp-content\/uploads\/2024\/11\/iso-1-212x300.jpg 212w, https:\/\/topmotrieukhuc.vn\/tmtk\/wp-content\/uploads\/2024\/11\/iso-1-768x1086.jpg 768w, https:\/\/topmotrieukhuc.vn\/tmtk\/wp-content\/uploads\/2024\/11\/iso-1-1086x1536.jpg 1086w, https:\/\/topmotrieukhuc.vn\/tmtk\/wp-content\/uploads\/2024\/11\/iso-1-1448x2048.jpg 1448w, https:\/\/topmotrieukhuc.vn\/tmtk\/wp-content\/uploads\/2024\/11\/iso-1.jpg 1810w\" sizes=\"auto, (max-width: 724px) 100vw, 724px\" \/><\/figure>\n\n\n\n<figure class=\"wp-block-image aligncenter size-full\"><img loading=\"lazy\" decoding=\"async\" width=\"764\" height=\"765\" src=\"https:\/\/topmotrieukhuc.vn\/tmtk\/wp-content\/uploads\/2024\/11\/top.jpg\" alt=\"\" class=\"wp-image-224\" srcset=\"https:\/\/topmotrieukhuc.vn\/tmtk\/wp-content\/uploads\/2024\/11\/top.jpg 764w, https:\/\/topmotrieukhuc.vn\/tmtk\/wp-content\/uploads\/2024\/11\/top-300x300.jpg 300w, https:\/\/topmotrieukhuc.vn\/tmtk\/wp-content\/uploads\/2024\/11\/top-150x150.jpg 150w\" sizes=\"auto, (max-width: 764px) 100vw, 764px\" \/><\/figure>\n","protected":false},"excerpt":{"rendered":"","protected":false},"author":1,"featured_media":0,"parent":0,"menu_order":0,"comment_status":"closed","ping_status":"closed","template":"","meta":{"footnotes":""},"class_list":["post-279","page","type-page","status-publish","hentry"],"_links":{"self":[{"href":"https:\/\/topmotrieukhuc.vn\/tmtk\/index.php\/wp-json\/wp\/v2\/pages\/279","targetHints":{"allow":["GET"]}}],"collection":[{"href":"https:\/\/topmotrieukhuc.vn\/tmtk\/index.php\/wp-json\/wp\/v2\/pages"}],"about":[{"href":"https:\/\/topmotrieukhuc.vn\/tmtk\/index.php\/wp-json\/wp\/v2\/types\/page"}],"author":[{"embeddable":true,"href":"https:\/\/topmotrieukhuc.vn\/tmtk\/index.php\/wp-json\/wp\/v2\/users\/1"}],"replies":[{"embeddable":true,"href":"https:\/\/topmotrieukhuc.vn\/tmtk\/index.php\/wp-json\/wp\/v2\/comments?post=279"}],"version-history":[{"count":8,"href":"https:\/\/topmotrieukhuc.vn\/tmtk\/index.php\/wp-json\/wp\/v2\/pages\/279\/revisions"}],"predecessor-version":[{"id":374,"href":"https:\/\/topmotrieukhuc.vn\/tmtk\/index.php\/wp-json\/wp\/v2\/pages\/279\/revisions\/374"}],"wp:attachment":[{"href":"https:\/\/topmotrieukhuc.vn\/tmtk\/index.php\/wp-json\/wp\/v2\/media?parent=279"}],"curies":[{"name":"wp","href":"https:\/\/api.w.org\/{rel}","templated":true}]}}