{"id":128,"date":"2024-04-03T16:20:59","date_gmt":"2024-04-03T16:20:59","guid":{"rendered":"https:\/\/topmotrieukhuc.vn\/tmtk\/?page_id=128"},"modified":"2024-12-22T13:24:50","modified_gmt":"2024-12-22T13:24:50","slug":"gioi-thieu","status":"publish","type":"page","link":"https:\/\/topmotrieukhuc.vn\/tmtk\/index.php\/gioi-thieu\/","title":{"rendered":"T\u00f3p m\u1ee1 Tri\u1ec1u Kh\u00fac M\u00f3n \u0111\u1eb7c s\u1ea3n Truy\u1ec1n th\u1ed1ng L\u00e0ng Tri\u1ec1u Kh\u00fac &#8211; T\u00e2n Tri\u1ec1u &#8211; Thanh Tr\u00ec &#8211; H\u00e0 N\u1ed9i"},"content":{"rendered":"\n<figure class=\"wp-block-embed aligncenter is-type-video is-provider-youtube wp-block-embed-youtube wp-embed-aspect-16-9 wp-has-aspect-ratio\"><div class=\"wp-block-embed__wrapper\">\n<iframe loading=\"lazy\" title=\"Qui Tr\u00ecnh S\u1ea3n Xu\u1ea5t T\u00f3p M\u1ee1 Tri\u1ec1u Kh\u00fac - \u0110\u1eb7c S\u1ea3n Truy\u1ec1n Th\u1ed1ng Ng\u01b0\u1eddi H\u00e0 N\u1ed9i\" width=\"500\" height=\"281\" src=\"https:\/\/www.youtube.com\/embed\/ibBmCmQ3M2E?feature=oembed\" frameborder=\"0\" allow=\"accelerometer; autoplay; clipboard-write; encrypted-media; gyroscope; picture-in-picture; web-share\" referrerpolicy=\"strict-origin-when-cross-origin\" allowfullscreen><\/iframe>\n<\/div><\/figure>\n\n\n\n<p><strong>L\u00fd do m\u00f3n t\u00f3p m\u1ee1 Tri\u1ec1u Kh\u00fac n\u1ed5i ti\u1ebfng th\u01a1m ngon h\u01a1n h\u1eb3n m\u1ecdi n\u01a1i?<\/strong><\/p>\n\n\n\n<p>T\u00f3p m\u1ee1 l\u1ee3n t\u1eeb l\u00e2u \u0111\u00e3 l\u00e0 m\u00f3n \u0103n d\u00e2n d\u00e3 v\u1edbi ng\u01b0\u1eddi Vi\u1ec7t Nam, nh\u01b0ng \u0111\u1ec3 th\u01b0\u1edfng th\u1ee9c m\u00f3n t\u00f3p m\u1ee1 ngon \u0111\u00fang \u0111i\u1ec7u th\u00ec m\u00f3n T\u00f3p m\u1ee1 Tri\u1ec1u Kh\u00fac l\u1ea1i \u0111\u1eb7c bi\u1ec7t \u1ea5n t\u01b0\u1ee3ng b\u1edfi h\u01b0\u01a1ng v\u1ecb th\u01a1m ngon h\u01a1n h\u1eb3n. V\u1eady l\u00fd do l\u00e0 g\u00ec?<\/p>\n\n\n\n<p>\u0110\u1ec3 c\u00f3 m\u00f3n t\u00f3p m\u1ee1 th\u01a1m ngon th\u00ec c\u1ea7n ch\u1ecdn l\u1ef1a k\u1ef9 l\u01b0\u1ee1ng t\u1eeb kh\u00e2u ch\u1ecdn m\u1ee1 \u0111\u1ebfn kh\u00e2u ch\u1ebf bi\u1ebfn.<\/p>\n\n\n\n<p>Khi l\u1ef1a ch\u1ecdn m\u1ee1 heo: Ph\u1ea7n m\u1ee1 ph\u1ea3i t\u01b0\u01a1i trong ng\u00e0y, ngon, th\u1ecbt tr\u1eafng h\u1ed3ng (t\u1ec9 l\u1ec7 n\u1ea1c v\u00e0 m\u1ee1 l\u00e0 60\/40 \u0111\u1ec3 \u0103n kh\u00f4ng b\u1ecb ng\u1ea5y). Th\u1ecbt m\u1ee1 l\u00e0 ph\u1ea7n m\u1ee1 m\u00e1 heo, v\u00ec m\u1ee1 ph\u1ea7n n\u00e0y c\u1ee7a con l\u1ee3n th\u01b0\u1eddng gi\u00f2n v\u00e0 th\u01a1m h\u01a1n v\u00e0 l\u1ee3n c\u0169ng kh\u00f4ng \u0111\u01b0\u1ee3c b\u00e9o qu\u00e1 hay g\u1ea7y qu\u00e1, l\u1ee3n kh\u00f4ng \u0111\u01b0\u1ee3c gi\u00e0 ho\u1eb7c l\u1ee3n n\u00e1i (s\u1ec1).<\/p>\n\n\n\n<p><\/p>\n\n\n\n<figure class=\"wp-block-image size-large\"><img loading=\"lazy\" decoding=\"async\" width=\"1024\" height=\"1024\" src=\"https:\/\/topmotrieukhuc.vn\/tmtk\/wp-content\/uploads\/2024\/04\/thit-1-1024x1024.jpg\" alt=\"\" class=\"wp-image-160\" srcset=\"https:\/\/topmotrieukhuc.vn\/tmtk\/wp-content\/uploads\/2024\/04\/thit-1-1024x1024.jpg 1024w, https:\/\/topmotrieukhuc.vn\/tmtk\/wp-content\/uploads\/2024\/04\/thit-1-300x300.jpg 300w, https:\/\/topmotrieukhuc.vn\/tmtk\/wp-content\/uploads\/2024\/04\/thit-1-150x150.jpg 150w, https:\/\/topmotrieukhuc.vn\/tmtk\/wp-content\/uploads\/2024\/04\/thit-1-768x768.jpg 768w, https:\/\/topmotrieukhuc.vn\/tmtk\/wp-content\/uploads\/2024\/04\/thit-1.jpg 1075w\" sizes=\"auto, (max-width: 1024px) 100vw, 1024px\" \/><\/figure>\n\n\n\n<figure class=\"wp-block-image size-full is-resized\"><img loading=\"lazy\" decoding=\"async\" width=\"790\" height=\"790\" src=\"https:\/\/topmotrieukhuc.vn\/tmtk\/wp-content\/uploads\/2024\/04\/thit-2.jpg\" alt=\"\" class=\"wp-image-161\" style=\"width:1001px;height:auto\" srcset=\"https:\/\/topmotrieukhuc.vn\/tmtk\/wp-content\/uploads\/2024\/04\/thit-2.jpg 790w, https:\/\/topmotrieukhuc.vn\/tmtk\/wp-content\/uploads\/2024\/04\/thit-2-300x300.jpg 300w, https:\/\/topmotrieukhuc.vn\/tmtk\/wp-content\/uploads\/2024\/04\/thit-2-150x150.jpg 150w, https:\/\/topmotrieukhuc.vn\/tmtk\/wp-content\/uploads\/2024\/04\/thit-2-768x768.jpg 768w\" sizes=\"auto, (max-width: 790px) 100vw, 790px\" \/><\/figure>\n\n\n\n<figure class=\"wp-block-image size-full is-resized\"><img loading=\"lazy\" decoding=\"async\" width=\"730\" height=\"730\" src=\"https:\/\/topmotrieukhuc.vn\/tmtk\/wp-content\/uploads\/2024\/04\/thit-3.jpg\" alt=\"\" class=\"wp-image-162\" style=\"width:1001px;height:auto\" srcset=\"https:\/\/topmotrieukhuc.vn\/tmtk\/wp-content\/uploads\/2024\/04\/thit-3.jpg 730w, https:\/\/topmotrieukhuc.vn\/tmtk\/wp-content\/uploads\/2024\/04\/thit-3-300x300.jpg 300w, https:\/\/topmotrieukhuc.vn\/tmtk\/wp-content\/uploads\/2024\/04\/thit-3-150x150.jpg 150w\" sizes=\"auto, (max-width: 730px) 100vw, 730px\" \/><\/figure>\n\n\n\n<p>Kh\u00e2u ch\u1ebf bi\u1ebfn: Quy tr\u00ecnh ch\u1ebf bi\u1ebfn T\u00f3p m\u1ee1 Tri\u1ec1u kh\u00fac tr\u1ea3i qua nhi\u1ec1u qu\u00e1 tr\u00ecnh nh\u01b0 lu\u1ed9c v\u1edbi n\u01b0\u1edbc mu\u1ed1i, g\u1eebng, qu\u1ebf&#8230; \u0111\u1ec3 kh\u1eed m\u00f9i h\u00f4i, th\u00e1i c\u0169ng c\u1ea7n ng\u01b0\u1eddi c\u00f3 nhi\u1ec1u kinh nghi\u1ec7m, kh\u00e2u r\u00e1n c\u0169ng y\u00eau c\u1ea7u ng\u01b0\u1eddi \u0111\u1ee9ng b\u1ebfp ph\u1ea3i bi\u1ebft \u0111i\u1ec1u ch\u1ec9nh nhi\u1ec7t \u0111\u1ec3 cho t\u00f3p m\u1ee1 \u0111\u1ec1u v\u00e0 kh\u00f4ng b\u1ecb ch\u00e1y.<\/p>\n\n\n\n<figure class=\"wp-block-image size-full is-resized\"><img loading=\"lazy\" decoding=\"async\" width=\"580\" height=\"377\" src=\"https:\/\/topmotrieukhuc.vn\/tmtk\/wp-content\/uploads\/2024\/04\/1.jpg\" alt=\"\" class=\"wp-image-155\" style=\"width:1001px;height:auto\" title=\"thit-top-mo (1).jpg 0\" srcset=\"https:\/\/topmotrieukhuc.vn\/tmtk\/wp-content\/uploads\/2024\/04\/1.jpg 580w, https:\/\/topmotrieukhuc.vn\/tmtk\/wp-content\/uploads\/2024\/04\/1-300x195.jpg 300w\" sizes=\"auto, (max-width: 580px) 100vw, 580px\" \/><\/figure>\n\n\n\n<figure class=\"wp-block-image size-full is-resized\"><img loading=\"lazy\" decoding=\"async\" width=\"580\" height=\"623\" src=\"https:\/\/topmotrieukhuc.vn\/tmtk\/wp-content\/uploads\/2024\/04\/2-15.jpg\" alt=\"\" class=\"wp-image-156\" style=\"width:1000px;height:auto\" title=\"thit-top-mo (1).jpg 1\" srcset=\"https:\/\/topmotrieukhuc.vn\/tmtk\/wp-content\/uploads\/2024\/04\/2-15.jpg 580w, https:\/\/topmotrieukhuc.vn\/tmtk\/wp-content\/uploads\/2024\/04\/2-15-279x300.jpg 279w\" sizes=\"auto, (max-width: 580px) 100vw, 580px\" \/><\/figure>\n\n\n\n<figure class=\"wp-block-image size-full is-resized\"><img loading=\"lazy\" decoding=\"async\" width=\"764\" height=\"765\" src=\"https:\/\/topmotrieukhuc.vn\/tmtk\/wp-content\/uploads\/2024\/04\/13-3.png\" alt=\"\" class=\"wp-image-157\" style=\"width:999px;height:auto\" title=\"thit-top-mo (1).jpg 2\" srcset=\"https:\/\/topmotrieukhuc.vn\/tmtk\/wp-content\/uploads\/2024\/04\/13-3.png 764w, https:\/\/topmotrieukhuc.vn\/tmtk\/wp-content\/uploads\/2024\/04\/13-3-300x300.png 300w, https:\/\/topmotrieukhuc.vn\/tmtk\/wp-content\/uploads\/2024\/04\/13-3-150x150.png 150w\" sizes=\"auto, (max-width: 764px) 100vw, 764px\" \/><\/figure>\n\n\n\n<figure class=\"wp-block-image size-full is-resized\"><img loading=\"lazy\" decoding=\"async\" width=\"580\" height=\"676\" src=\"https:\/\/topmotrieukhuc.vn\/tmtk\/wp-content\/uploads\/2024\/04\/4-5.jpg\" alt=\"\" class=\"wp-image-158\" style=\"width:999px;height:auto\" title=\"thit-top-mo (1).jpg 3\" srcset=\"https:\/\/topmotrieukhuc.vn\/tmtk\/wp-content\/uploads\/2024\/04\/4-5.jpg 580w, https:\/\/topmotrieukhuc.vn\/tmtk\/wp-content\/uploads\/2024\/04\/4-5-257x300.jpg 257w\" sizes=\"auto, (max-width: 580px) 100vw, 580px\" \/><\/figure>\n\n\n\n<p>T\u00f3p m\u1ee1 c\u00f3 th\u1ec3 d\u00f9ng \u0103n tr\u1ef1c ti\u1ebfp, rim c\u00e0 chua, x\u00e0o d\u01b0a, \u0103n k\u00e8m bia, \u0103n v\u1edbi c\u01a1m, l\u00e0m b\u00fan t\u00f3p m\u1ee1\u2026 \u0111\u1ec1u r\u1ea5t ngon.<\/p>\n\n\n\n<p>T\u00f3p m\u1ee1 Tri\u1ec1u Kh\u00fac ch\u1ec9 \u0111\u01b0\u1ee3c l\u00e0m v\u00e0 b\u00e1n trong ng\u00e0y, kh\u00f4ng \u0111\u1ec3 sang ng\u00e0y h\u00f4m sau n\u00ean s\u1ea3n ph\u1ea9m lu\u00f4n n\u00f3ng gi\u00f2n, b\u00e9o ng\u1eady, th\u01a1m ngon kh\u00f3 c\u01b0\u1ee1ng.<\/p>\n\n\n\n<p>1- H\u00e0ng s\u1ea3n xu\u1ea5t theo c\u00f4ng th\u1ee9c gia truy\u1ec1n tr\u00ean 20 n\u0103m t\u1ea1i l\u00e0ng Tri\u1ec1u Kh\u00fac, T\u00e2n Tri\u1ec1u, Thanh Tr\u00ec, H\u00e0 N\u1ed9i<\/p>\n\n\n\n<p>2- H\u00e0ng s\u1ea3n xu\u1ea5t h\u00e0ng ng\u00e0y n\u00ean th\u01a1m ngon n\u00f3ng gi\u00f2n<\/p>\n\n\n\n<p>3- Kh\u00e1ch c\u00f3 th\u1ec3 qua tr\u1ef1c ti\u1ebfp x\u01b0\u1edfng \u0111\u1ec3 \u0103n th\u1eed v\u00e0 mua h\u00e0ng<\/p>\n\n\n\n<p class=\"has-vivid-red-color has-text-color has-link-color wp-elements-81b07181a92cd373ba57525179736134\">4- An to\u00e0n v\u1ec7 sinh th\u1ef1c ph\u1ea9m: Th\u1ecbt l\u1ee3n \u0111\u01b0\u1ee3c l\u1ef1a ch\u1ecdn c\u1ea9n th\u1eadn, quy tr\u00ecnh ch\u1ebf bi\u1ebfn s\u1ea1ch s\u1ebd. <strong>L\u00e0 c\u01a1 s\u1edf s\u1ea3n xu\u1ea5t duy nh\u1ea5t t\u1ea1i Tri\u1ec1u Kh\u00fac \u0111\u1ea1t ch\u1ee9ng ch\u1ec9 qu\u1ed1c t\u1ebf ISO 22000:2018<\/strong><\/p>\n\n\n\n<p>Ph\u00f9 h\u1ee3p:<\/p>\n\n\n\n<p>1- \u0102n tr\u1ef1c ti\u1ebfp<\/p>\n\n\n\n<p>2- Ch\u1ebf bi\u1ebfn c\u00f9ng c\u00e1c m\u00f3n \u0103n kh\u00e1c<\/p>\n\n\n\n<p>2- L\u00e0m nh\u00e0 h\u00e0ng bia, l\u1ea9u<\/p>\n\n\n\n<p>3- L\u00e0m qu\u00e0 t\u1eb7ng cho ng\u01b0\u1eddi th\u00e2n, \u0111\u1ed1i t\u00e1c trong c\u00e1c d\u1ecbp l\u1ec5, t\u1ebft<\/p>\n\n\n\n<p>T\u00f3p m\u1ee1 Tri\u1ec1u Kh\u00fac v\u1edbi c\u00f4ng th\u1ee9c gia truy\u1ec1n tr\u00ean 20 n\u0103m s\u1ebd kh\u00e1c bi\u1ec7t v\u1edbi t\u00f3p m\u1ee1 \u1edf c\u00e1c n\u01a1i kh\u00e1c. Khi \u0103n, t\u00f3p gi\u00f2n nh\u01b0ng v\u1eabn c\u00f3 \u0111\u1ed9 ng\u1ecdt, ng\u1eady, th\u01a1m ch\u1ee9 kh\u00f4ng c\u1ee9ng nh\u01b0 c\u00e1c qu\u00e1n bia t\u1ef1 r\u00e1n.<\/p>\n\n\n\n<p>\u0110\u1ecba ch\u1ec9 s\u1ea3n xu\u1ea5t: S\u1ed1 41, ng\u00f5 215 Tri\u1ec1u Kh\u00fac, X\u00f3m C\u1ea7u, T\u00e2n Tri\u1ec1u, Thanh Tr\u00ec, H\u00e0 N\u1ed9i<\/p>\n\n\n\n<p>Li\u00ean h\u1ec7: 0949.32.88.86 &#8211; 0855.97.6668 &#8211; 0988.42.88.21<\/p>\n\n\n\n<p>#t\u00f3p_m\u1ee1_tri\u1ec1u_kh\u00fac #x\u01b0\u1edfng_t\u00f3p_m\u1ee1_tri\u1ec1u_kh\u00fac<\/p>\n\n\n\n<p><\/p>\n\n\n\n<figure class=\"wp-block-image size-large\"><img loading=\"lazy\" decoding=\"async\" width=\"1024\" height=\"341\" src=\"https:\/\/topmotrieukhuc.vn\/tmtk\/wp-content\/uploads\/2024\/12\/HUONG-DAN-CHIEN-LAI-TOP-MO-TRIEU-KHUC-1024x341.png\" alt=\"\" class=\"wp-image-255\" srcset=\"https:\/\/topmotrieukhuc.vn\/tmtk\/wp-content\/uploads\/2024\/12\/HUONG-DAN-CHIEN-LAI-TOP-MO-TRIEU-KHUC-1024x341.png 1024w, https:\/\/topmotrieukhuc.vn\/tmtk\/wp-content\/uploads\/2024\/12\/HUONG-DAN-CHIEN-LAI-TOP-MO-TRIEU-KHUC-300x100.png 300w, https:\/\/topmotrieukhuc.vn\/tmtk\/wp-content\/uploads\/2024\/12\/HUONG-DAN-CHIEN-LAI-TOP-MO-TRIEU-KHUC-768x256.png 768w, https:\/\/topmotrieukhuc.vn\/tmtk\/wp-content\/uploads\/2024\/12\/HUONG-DAN-CHIEN-LAI-TOP-MO-TRIEU-KHUC-1536x512.png 1536w, https:\/\/topmotrieukhuc.vn\/tmtk\/wp-content\/uploads\/2024\/12\/HUONG-DAN-CHIEN-LAI-TOP-MO-TRIEU-KHUC.png 1773w\" sizes=\"auto, (max-width: 1024px) 100vw, 1024px\" \/><\/figure>\n\n\n\n<div class=\"wp-block-buttons is-layout-flex wp-block-buttons-is-layout-flex\">\n<div class=\"wp-block-button\"><a class=\"wp-block-button__link wp-element-button\" href=\"https:\/\/s.shopee.vn\/6ATk1O3GR1\">Mua qua Shopee<\/a><\/div>\n\n\n\n<div class=\"wp-block-button\"><a class=\"wp-block-button__link wp-element-button\" href=\"https:\/\/nguonhang.sieu.re\/search?category=a3ba8a5f-0289-470e-bb58-a6eb36cb06ae&amp;isSpecialBlock=true\">\u0110\u1eb7t h\u00e0ng online<\/a><\/div>\n<\/div>\n","protected":false},"excerpt":{"rendered":"<p>L\u00fd do m\u00f3n t\u00f3p m\u1ee1 Tri\u1ec1u Kh\u00fac n\u1ed5i ti\u1ebfng th\u01a1m ngon h\u01a1n h\u1eb3n m\u1ecdi n\u01a1i? T\u00f3p m\u1ee1 l\u1ee3n t\u1eeb l\u00e2u \u0111\u00e3 l\u00e0 m\u00f3n \u0103n d\u00e2n d\u00e3 v\u1edbi ng\u01b0\u1eddi Vi\u1ec7t Nam, nh\u01b0ng \u0111\u1ec3 th\u01b0\u1edfng th\u1ee9c m\u00f3n t\u00f3p m\u1ee1 ngon \u0111\u00fang \u0111i\u1ec7u th\u00ec m\u00f3n T\u00f3p m\u1ee1 Tri\u1ec1u Kh\u00fac l\u1ea1i \u0111\u1eb7c bi\u1ec7t \u1ea5n t\u01b0\u1ee3ng b\u1edfi h\u01b0\u01a1ng v\u1ecb th\u01a1m [&hellip;]<\/p>\n","protected":false},"author":1,"featured_media":98,"parent":0,"menu_order":0,"comment_status":"open","ping_status":"closed","template":"","meta":{"footnotes":""},"class_list":["post-128","page","type-page","status-publish","has-post-thumbnail","hentry"],"_links":{"self":[{"href":"https:\/\/topmotrieukhuc.vn\/tmtk\/index.php\/wp-json\/wp\/v2\/pages\/128","targetHints":{"allow":["GET"]}}],"collection":[{"href":"https:\/\/topmotrieukhuc.vn\/tmtk\/index.php\/wp-json\/wp\/v2\/pages"}],"about":[{"href":"https:\/\/topmotrieukhuc.vn\/tmtk\/index.php\/wp-json\/wp\/v2\/types\/page"}],"author":[{"embeddable":true,"href":"https:\/\/topmotrieukhuc.vn\/tmtk\/index.php\/wp-json\/wp\/v2\/users\/1"}],"replies":[{"embeddable":true,"href":"https:\/\/topmotrieukhuc.vn\/tmtk\/index.php\/wp-json\/wp\/v2\/comments?post=128"}],"version-history":[{"count":18,"href":"https:\/\/topmotrieukhuc.vn\/tmtk\/index.php\/wp-json\/wp\/v2\/pages\/128\/revisions"}],"predecessor-version":[{"id":408,"href":"https:\/\/topmotrieukhuc.vn\/tmtk\/index.php\/wp-json\/wp\/v2\/pages\/128\/revisions\/408"}],"wp:featuredmedia":[{"embeddable":true,"href":"https:\/\/topmotrieukhuc.vn\/tmtk\/index.php\/wp-json\/wp\/v2\/media\/98"}],"wp:attachment":[{"href":"https:\/\/topmotrieukhuc.vn\/tmtk\/index.php\/wp-json\/wp\/v2\/media?parent=128"}],"curies":[{"name":"wp","href":"https:\/\/api.w.org\/{rel}","templated":true}]}}